{"id":1562,"date":"2024-09-11T11:01:11","date_gmt":"2024-09-11T11:01:11","guid":{"rendered":"https:\/\/cypressvalleyclinic.com\/contacto\/"},"modified":"2025-10-08T11:32:31","modified_gmt":"2025-10-08T11:32:31","slug":"contacto","status":"publish","type":"page","link":"https:\/\/cypressvalleyclinic.com\/es\/contacto\/","title":{"rendered":"Contacto"},"content":{"rendered":"<p style=\"text-align: center;\">P\u00f3ngase en contacto con nosotros hoy mismo para concertar una cita gratuita, obtener m\u00e1s informaci\u00f3n sobre nuestros servicios o expresar sus preguntas o inquietudes. Estamos aqu\u00ed para ayudarle a sentirse respaldada. <\/p>\n","protected":false},"excerpt":{"rendered":"<p>P\u00f3ngase en contacto con nosotros hoy mismo para concertar una cita gratuita, obtener m\u00e1s informaci\u00f3n sobre nuestros servicios o expresar sus preguntas o inquietudes. Estamos aqu\u00ed para ayudarle a sentirse respaldada.<\/p>\n","protected":false},"author":1,"featured_media":1564,"parent":0,"menu_order":0,"comment_status":"closed","ping_status":"closed","template":"views\/template-contact.blade.php","meta":{"_acf_changed":false,"footnotes":""},"class_list":["post-1562","page","type-page","status-publish","has-post-thumbnail","hentry"],"acf":[],"yoast_head":"<!-- This site is optimized with the Yoast SEO plugin v27.5 - https:\/\/yoast.com\/product\/yoast-seo-wordpress\/ -->\n<title>Contacto | Cypress Valley Clinic | Kerrville, TX<\/title>\n<meta name=\"description\" content=\"Aprenda c\u00f3mo contactarnos. Cypress Valley Clinic ofrece servicios gratuitos de embarazo en Kerrville, TX.\" \/>\n<meta name=\"robots\" content=\"index, follow, max-snippet:-1, max-image-preview:large, max-video-preview:-1\" \/>\n<link rel=\"canonical\" href=\"https:\/\/cypressvalleyclinic.com\/es\/contacto\/\" \/>\n<meta property=\"og:locale\" content=\"es_ES\" \/>\n<meta property=\"og:type\" content=\"article\" \/>\n<meta property=\"og:title\" content=\"Contacto | Cypress Valley Clinic | Kerrville, TX\" \/>\n<meta property=\"og:description\" content=\"Aprenda c\u00f3mo contactarnos. Cypress Valley Clinic ofrece servicios gratuitos de embarazo en Kerrville, TX.\" \/>\n<meta property=\"og:url\" content=\"https:\/\/cypressvalleyclinic.com\/es\/contacto\/\" \/>\n<meta property=\"og:site_name\" content=\"Cypress Valley Clinic\" \/>\n<meta property=\"article:publisher\" content=\"https:\/\/www.facebook.com\/thepregnancyresourcecenter.org\" \/>\n<meta property=\"article:modified_time\" content=\"2025-10-08T11:32:31+00:00\" \/>\n<meta property=\"og:image\" content=\"https:\/\/cypressvalleyclinic.com\/wp-content\/uploads\/2025\/06\/AdobeStock_675873244-1-e1749801261209.jpeg\" \/>\n\t<meta property=\"og:image:width\" content=\"900\" \/>\n\t<meta property=\"og:image:height\" content=\"1082\" \/>\n\t<meta property=\"og:image:type\" content=\"image\/jpeg\" \/>\n<meta name=\"twitter:card\" content=\"summary_large_image\" \/>\n<!-- \/ Yoast SEO plugin. -->","yoast_head_json":{"title":"Contacto | Cypress Valley Clinic | Kerrville, TX","description":"Aprenda c\u00f3mo contactarnos. Cypress Valley Clinic ofrece servicios gratuitos de embarazo en Kerrville, TX.","robots":{"index":"index","follow":"follow","max-snippet":"max-snippet:-1","max-image-preview":"max-image-preview:large","max-video-preview":"max-video-preview:-1"},"canonical":"https:\/\/cypressvalleyclinic.com\/es\/contacto\/","og_locale":"es_ES","og_type":"article","og_title":"Contacto | Cypress Valley Clinic | Kerrville, TX","og_description":"Aprenda c\u00f3mo contactarnos. Cypress Valley Clinic ofrece servicios gratuitos de embarazo en Kerrville, TX.","og_url":"https:\/\/cypressvalleyclinic.com\/es\/contacto\/","og_site_name":"Cypress Valley Clinic","article_publisher":"https:\/\/www.facebook.com\/thepregnancyresourcecenter.org","article_modified_time":"2025-10-08T11:32:31+00:00","og_image":[{"width":900,"height":1082,"url":"https:\/\/cypressvalleyclinic.com\/wp-content\/uploads\/2025\/06\/AdobeStock_675873244-1-e1749801261209.jpeg","type":"image\/jpeg"}],"twitter_card":"summary_large_image","schema":{"@context":"https:\/\/schema.org","@graph":[{"@type":"WebPage","@id":"https:\/\/cypressvalleyclinic.com\/es\/contacto\/","url":"https:\/\/cypressvalleyclinic.com\/es\/contacto\/","name":"Contacto | Cypress Valley Clinic | Kerrville, TX","isPartOf":{"@id":"https:\/\/cypressvalleyclinic.com\/es\/#website"},"primaryImageOfPage":{"@id":"https:\/\/cypressvalleyclinic.com\/es\/contacto\/#primaryimage"},"image":{"@id":"https:\/\/cypressvalleyclinic.com\/es\/contacto\/#primaryimage"},"thumbnailUrl":"https:\/\/cypressvalleyclinic.com\/wp-content\/uploads\/2025\/06\/AdobeStock_675873244-1-e1749801261209.jpeg","datePublished":"2024-09-11T11:01:11+00:00","dateModified":"2025-10-08T11:32:31+00:00","description":"Aprenda c\u00f3mo contactarnos. Cypress Valley Clinic ofrece servicios gratuitos de embarazo en Kerrville, TX.","breadcrumb":{"@id":"https:\/\/cypressvalleyclinic.com\/es\/contacto\/#breadcrumb"},"inLanguage":"es","potentialAction":[{"@type":"ReadAction","target":["https:\/\/cypressvalleyclinic.com\/es\/contacto\/"]}]},{"@type":"ImageObject","inLanguage":"es","@id":"https:\/\/cypressvalleyclinic.com\/es\/contacto\/#primaryimage","url":"https:\/\/cypressvalleyclinic.com\/wp-content\/uploads\/2025\/06\/AdobeStock_675873244-1-e1749801261209.jpeg","contentUrl":"https:\/\/cypressvalleyclinic.com\/wp-content\/uploads\/2025\/06\/AdobeStock_675873244-1-e1749801261209.jpeg","width":900,"height":1082},{"@type":"BreadcrumbList","@id":"https:\/\/cypressvalleyclinic.com\/es\/contacto\/#breadcrumb","itemListElement":[{"@type":"ListItem","position":1,"name":"Home","item":"https:\/\/cypressvalleyclinic.com\/es\/"},{"@type":"ListItem","position":2,"name":"Contacto"}]},{"@type":"WebSite","@id":"https:\/\/cypressvalleyclinic.com\/es\/#website","url":"https:\/\/cypressvalleyclinic.com\/es\/","name":"Cypress Valley Clinic","description":"","publisher":{"@id":"https:\/\/cypressvalleyclinic.com\/es\/#organization"},"potentialAction":[{"@type":"SearchAction","target":{"@type":"EntryPoint","urlTemplate":"https:\/\/cypressvalleyclinic.com\/es\/?s={search_term_string}"},"query-input":{"@type":"PropertyValueSpecification","valueRequired":true,"valueName":"search_term_string"}}],"inLanguage":"es"},{"@type":"Organization","@id":"https:\/\/cypressvalleyclinic.com\/es\/#organization","name":"Cl\u00ednica Cypress Valley","url":"https:\/\/cypressvalleyclinic.com\/es\/","logo":{"@type":"ImageObject","inLanguage":"es","@id":"https:\/\/cypressvalleyclinic.com\/es\/#\/schema\/logo\/image\/","url":"https:\/\/cypressvalleyclinic.com\/wp-content\/uploads\/2025\/07\/Cypress-Valley-Clinic-Logo-Full-Color-WEB.png","contentUrl":"https:\/\/cypressvalleyclinic.com\/wp-content\/uploads\/2025\/07\/Cypress-Valley-Clinic-Logo-Full-Color-WEB.png","width":1490,"height":1107,"caption":"Cl\u00ednica Cypress Valley"},"image":{"@id":"https:\/\/cypressvalleyclinic.com\/es\/#\/schema\/logo\/image\/"},"sameAs":["https:\/\/www.facebook.com\/thepregnancyresourcecenter.org","https:\/\/www.instagram.com\/theprckerrville\/"]}]}},"_links":{"self":[{"href":"https:\/\/cypressvalleyclinic.com\/es\/wp-json\/wp\/v2\/pages\/1562","targetHints":{"allow":["GET"]}}],"collection":[{"href":"https:\/\/cypressvalleyclinic.com\/es\/wp-json\/wp\/v2\/pages"}],"about":[{"href":"https:\/\/cypressvalleyclinic.com\/es\/wp-json\/wp\/v2\/types\/page"}],"author":[{"embeddable":true,"href":"https:\/\/cypressvalleyclinic.com\/es\/wp-json\/wp\/v2\/users\/1"}],"replies":[{"embeddable":true,"href":"https:\/\/cypressvalleyclinic.com\/es\/wp-json\/wp\/v2\/comments?post=1562"}],"version-history":[{"count":0,"href":"https:\/\/cypressvalleyclinic.com\/es\/wp-json\/wp\/v2\/pages\/1562\/revisions"}],"wp:featuredmedia":[{"embeddable":true,"href":"https:\/\/cypressvalleyclinic.com\/es\/wp-json\/wp\/v2\/media\/1564"}],"wp:attachment":[{"href":"https:\/\/cypressvalleyclinic.com\/es\/wp-json\/wp\/v2\/media?parent=1562"}],"curies":[{"name":"wp","href":"https:\/\/api.w.org\/{rel}","templated":true}]}}