{"id":1577,"date":"2024-09-11T11:00:13","date_gmt":"2024-09-11T11:00:13","guid":{"rendered":"https:\/\/cypressvalleyclinic.com\/servicios\/ecografias\/"},"modified":"2024-09-11T11:00:13","modified_gmt":"2024-09-11T11:00:13","slug":"ecografias","status":"publish","type":"page","link":"https:\/\/cypressvalleyclinic.com\/es\/servicios\/ecografias\/","title":{"rendered":"Ecograf\u00edas"},"content":{"rendered":"<p data-start=\"66\" data-end=\"343\">Un resultado positivo en una prueba de embarazo es solo el primer paso para entender tu embarazo. Si bien confirma la presencia de hormonas del embarazo, no proporciona detalles esenciales sobre la salud de tu embarazo ni tus opciones de cara al futuro. <\/p>\n<p data-start=\"66\" data-end=\"343\">Ah\u00ed es donde entra en juego una ecograf\u00eda. Cypress Valley Clinic ofrece ecograf\u00edas gratuitas despu\u00e9s de una <a href=\"https:\/\/cypressvalleyclinic.com\/services\/pregnancy-tests\/\" data-wpel-link=\"external\" rel=\"external noopener noreferrer\">prueba de embarazo<\/a> positiva para ayudarte a obtener los detalles necesarios. <\/p>\n<p data-start=\"66\" data-end=\"343\">Nuestro equipo te explicar\u00e1 lo que la ecograf\u00eda puede revelar y por qu\u00e9 es esencial para tu proceso de toma de decisiones.<\/p>\n<h2 data-start=\"593\" data-end=\"628\">\u00bfPor qu\u00e9 es importante una ecograf\u00eda?<\/h2>\n<p data-start=\"630\" data-end=\"887\">Una <a href=\"https:\/\/my.clevelandclinic.org\/health\/diagnostics\/9704-ultrasound-in-pregnancy#:~:text=During%20an%20ultrasound,see%20your%20baby.\" target=\"_blank\" rel=\"noopener external noreferrer\" data-wpel-link=\"external\">ecograf\u00eda<\/a> es una herramienta vital para evaluar la salud y el desarrollo de tu embarazo. Proporciona informaci\u00f3n detallada que puede alertarte sobre posibles complicaciones m\u00e9dicas, asegurando que puedas tomar decisiones informadas sobre tu salud y tu futuro. <\/p>\n<p data-start=\"889\" data-end=\"1158\">Al principio del embarazo, nuestro ecografista puede realizar una ecograf\u00eda transvaginal. Este procedimiento consiste en insertar suavemente un peque\u00f1o dispositivo en la vagina para obtener una imagen m\u00e1s detallada. <\/p>\n<p data-start=\"889\" data-end=\"1158\">A medida que avanza tu embarazo, nuestro ecografista utiliza ecograf\u00edas abdominales, donde se mueve un dispositivo de mano a trav\u00e9s de tu vientre.<\/p>\n<p data-start=\"1160\" data-end=\"1417\">Ambos tipos de ecograf\u00edas utilizan ondas sonoras que rebotan en las estructuras internas de tu cuerpo, incluidos tus \u00f3rganos reproductores y el embarazo. Luego, estas ondas se transforman en im\u00e1genes que te permiten ver detalles importantes sobre tu embarazo, tales como: <\/p>\n<h3 data-start=\"1419\" data-end=\"1702\">Viabilidad del embarazo<\/h3>\n<p data-start=\"1419\" data-end=\"1702\">Una ecograf\u00eda puede confirmar si tu embarazo es viable, lo que significa que se est\u00e1 desarrollando y que hay un latido card\u00edaco presente. Dado que aproximadamente el <a href=\"https:\/\/www.ncbi.nlm.nih.gov\/books\/NBK532992\/#:~:text=It%20is%20estimated%20that%20as%20many%20as%C2%A026%25%20of%20all%20pregnancies%20end%20in%20miscarriage%20and%20up%20to%2010%25%20of%20clinically%20recognized%20pregnancies.\" target=\"_blank\" rel=\"noopener external noreferrer\" data-wpel-link=\"external\">26%<\/a> de todos los embarazos terminan en aborto espont\u00e1neo, esta informaci\u00f3n es crucial para tu seguridad y para determinar los siguientes pasos. <\/p>\n<h3 data-start=\"1704\" data-end=\"2070\">Edad gestacional<\/h3>\n<p data-start=\"1704\" data-end=\"2070\">Saber de cu\u00e1nto tiempo est\u00e1s es fundamental. Esta informaci\u00f3n afecta a las opciones disponibles para ti, ya que las directrices y leyes m\u00e9dicas espec\u00edficas dependen de cu\u00e1ntas semanas de embarazo tengas. <\/p>\n<p data-start=\"1704\" data-end=\"2070\">Por ejemplo, algunos m\u00e9todos de aborto solo est\u00e1n aprobados hasta ciertas semanas, y saber tu edad gestacional ayuda a determinar qu\u00e9 opciones son mejores para ti.<\/p>\n<h3 data-start=\"2072\" data-end=\"2342\">Ubicaci\u00f3n del embarazo<\/h3>\n<p data-start=\"2072\" data-end=\"2342\">Una ecograf\u00eda tambi\u00e9n puede determinar si el embarazo se est\u00e1 desarrollando en el \u00fatero o en otro lugar, como en una trompa de Falopio, lo que se conoce como <a href=\"https:\/\/www.mayoclinic.org\/diseases-conditions\/ectopic-pregnancy\/symptoms-causes\/syc-20372088\" target=\"_blank\" rel=\"noopener external noreferrer\" data-wpel-link=\"external\">embarazo ect\u00f3pico<\/a>. Los embarazos ect\u00f3picos son potencialmente mortales y requieren intervenci\u00f3n m\u00e9dica inmediata. <\/p>\n<h2 data-start=\"2344\" data-end=\"2371\">Obt\u00e9n una ecograf\u00eda gratuita<\/h2>\n<p data-start=\"2373\" data-end=\"2600\">En Cypress Valley Clinic, creemos que mereces respuestas claras y precisas en un entorno de apoyo y atenci\u00f3n. Nuestro equipo est\u00e1 aqu\u00ed para ayudarte a recopilar la informaci\u00f3n que necesitas para tomar la mejor decisi\u00f3n para tu salud y tu futuro. <\/p>\n<p data-start=\"2602\" data-end=\"2664\">Todos nuestros servicios son gratuitos y completamente confidenciales.<\/p>\n<p data-start=\"2666\" data-end=\"2818\" data-is-last-node=\"\" data-is-only-node=\"\"><a href=\"https:\/\/cypressvalleyclinic.com\/es\/contacto\/\" data-wpel-link=\"internal\">Pide<\/a> tu cita gratuita para la prueba de embarazo hoy mismo y da el siguiente paso programando una ecograf\u00eda. Estamos aqu\u00ed para apoyarte en cada paso del camino. <\/p>\n","protected":false},"excerpt":{"rendered":"<p>Una ecograf\u00eda despu\u00e9s de una prueba de embarazo positiva te ayudar\u00e1 a obtener los detalles que necesitas. Nuestro equipo te explicar\u00e1 lo que la ecograf\u00eda puede revelar y por qu\u00e9 es una parte esencial de tu proceso de toma de decisiones. <\/p>\n","protected":false},"author":1,"featured_media":0,"parent":1567,"menu_order":2,"comment_status":"closed","ping_status":"closed","template":"","meta":{"_acf_changed":false,"footnotes":""},"class_list":["post-1577","page","type-page","status-publish","hentry"],"acf":[],"yoast_head":"<!-- This site is optimized with the Yoast SEO plugin v27.6 - https:\/\/yoast.com\/product\/yoast-seo-wordpress\/ -->\n<title>Ecograf\u00edas | Cypress Valley Clinic | Kerrville, TX<\/title>\n<meta name=\"description\" content=\"Read more about Ecograf\u00edas on this page. Cypress Valley Clinic offers free pregnancy services. Contact us to learn more.\" \/>\n<meta name=\"robots\" content=\"index, follow, max-snippet:-1, max-image-preview:large, max-video-preview:-1\" \/>\n<link rel=\"canonical\" href=\"https:\/\/cypressvalleyclinic.com\/es\/servicios\/ecografias\/\" \/>\n<meta property=\"og:locale\" content=\"es_ES\" \/>\n<meta property=\"og:type\" content=\"article\" \/>\n<meta property=\"og:title\" content=\"Ecograf\u00edas | Cypress Valley Clinic | Kerrville, TX\" \/>\n<meta property=\"og:description\" content=\"Read more about Ecograf\u00edas on this page. Cypress Valley Clinic offers free pregnancy services. Contact us to learn more.\" \/>\n<meta property=\"og:url\" content=\"https:\/\/cypressvalleyclinic.com\/es\/servicios\/ecografias\/\" \/>\n<meta property=\"og:site_name\" content=\"Cypress Valley Clinic\" \/>\n<meta property=\"article:publisher\" content=\"https:\/\/www.facebook.com\/thepregnancyresourcecenter.org\" \/>\n<meta name=\"twitter:card\" content=\"summary_large_image\" \/>\n<meta name=\"twitter:label1\" content=\"Tiempo de lectura\" \/>\n\t<meta name=\"twitter:data1\" content=\"3 minutos\" \/>\n<!-- \/ Yoast SEO plugin. -->","yoast_head_json":{"title":"Ecograf\u00edas | Cypress Valley Clinic | Kerrville, TX","description":"Read more about Ecograf\u00edas on this page. Cypress Valley Clinic offers free pregnancy services. Contact us to learn more.","robots":{"index":"index","follow":"follow","max-snippet":"max-snippet:-1","max-image-preview":"max-image-preview:large","max-video-preview":"max-video-preview:-1"},"canonical":"https:\/\/cypressvalleyclinic.com\/es\/servicios\/ecografias\/","og_locale":"es_ES","og_type":"article","og_title":"Ecograf\u00edas | Cypress Valley Clinic | Kerrville, TX","og_description":"Read more about Ecograf\u00edas on this page. Cypress Valley Clinic offers free pregnancy services. Contact us to learn more.","og_url":"https:\/\/cypressvalleyclinic.com\/es\/servicios\/ecografias\/","og_site_name":"Cypress Valley Clinic","article_publisher":"https:\/\/www.facebook.com\/thepregnancyresourcecenter.org","twitter_card":"summary_large_image","twitter_misc":{"Tiempo de lectura":"3 minutos"},"schema":{"@context":"https:\/\/schema.org","@graph":[{"@type":"WebPage","@id":"https:\/\/cypressvalleyclinic.com\/es\/servicios\/ecografias\/","url":"https:\/\/cypressvalleyclinic.com\/es\/servicios\/ecografias\/","name":"Ecograf\u00edas | Cypress Valley Clinic | Kerrville, TX","isPartOf":{"@id":"https:\/\/cypressvalleyclinic.com\/es\/#website"},"datePublished":"2024-09-11T11:00:13+00:00","description":"Read more about Ecograf\u00edas on this page. Cypress Valley Clinic offers free pregnancy services. Contact us to learn more.","breadcrumb":{"@id":"https:\/\/cypressvalleyclinic.com\/es\/servicios\/ecografias\/#breadcrumb"},"inLanguage":"es","potentialAction":[{"@type":"ReadAction","target":["https:\/\/cypressvalleyclinic.com\/es\/servicios\/ecografias\/"]}]},{"@type":"BreadcrumbList","@id":"https:\/\/cypressvalleyclinic.com\/es\/servicios\/ecografias\/#breadcrumb","itemListElement":[{"@type":"ListItem","position":1,"name":"Home","item":"https:\/\/cypressvalleyclinic.com\/es\/"},{"@type":"ListItem","position":2,"name":"Servicios","item":"https:\/\/cypressvalleyclinic.com\/es\/servicios\/"},{"@type":"ListItem","position":3,"name":"Ecograf\u00edas"}]},{"@type":"WebSite","@id":"https:\/\/cypressvalleyclinic.com\/es\/#website","url":"https:\/\/cypressvalleyclinic.com\/es\/","name":"Cypress Valley Clinic","description":"","publisher":{"@id":"https:\/\/cypressvalleyclinic.com\/es\/#organization"},"potentialAction":[{"@type":"SearchAction","target":{"@type":"EntryPoint","urlTemplate":"https:\/\/cypressvalleyclinic.com\/es\/?s={search_term_string}"},"query-input":{"@type":"PropertyValueSpecification","valueRequired":true,"valueName":"search_term_string"}}],"inLanguage":"es"},{"@type":"Organization","@id":"https:\/\/cypressvalleyclinic.com\/es\/#organization","name":"Cl\u00ednica Cypress Valley","url":"https:\/\/cypressvalleyclinic.com\/es\/","logo":{"@type":"ImageObject","inLanguage":"es","@id":"https:\/\/cypressvalleyclinic.com\/es\/#\/schema\/logo\/image\/","url":"https:\/\/cypressvalleyclinic.com\/wp-content\/uploads\/2025\/07\/Cypress-Valley-Clinic-Logo-Full-Color-WEB.png","contentUrl":"https:\/\/cypressvalleyclinic.com\/wp-content\/uploads\/2025\/07\/Cypress-Valley-Clinic-Logo-Full-Color-WEB.png","width":1490,"height":1107,"caption":"Cl\u00ednica Cypress Valley"},"image":{"@id":"https:\/\/cypressvalleyclinic.com\/es\/#\/schema\/logo\/image\/"},"sameAs":["https:\/\/www.facebook.com\/thepregnancyresourcecenter.org","https:\/\/www.instagram.com\/theprckerrville\/"]}]}},"_links":{"self":[{"href":"https:\/\/cypressvalleyclinic.com\/es\/wp-json\/wp\/v2\/pages\/1577","targetHints":{"allow":["GET"]}}],"collection":[{"href":"https:\/\/cypressvalleyclinic.com\/es\/wp-json\/wp\/v2\/pages"}],"about":[{"href":"https:\/\/cypressvalleyclinic.com\/es\/wp-json\/wp\/v2\/types\/page"}],"author":[{"embeddable":true,"href":"https:\/\/cypressvalleyclinic.com\/es\/wp-json\/wp\/v2\/users\/1"}],"replies":[{"embeddable":true,"href":"https:\/\/cypressvalleyclinic.com\/es\/wp-json\/wp\/v2\/comments?post=1577"}],"version-history":[{"count":0,"href":"https:\/\/cypressvalleyclinic.com\/es\/wp-json\/wp\/v2\/pages\/1577\/revisions"}],"up":[{"embeddable":true,"href":"https:\/\/cypressvalleyclinic.com\/es\/wp-json\/wp\/v2\/pages\/1567"}],"wp:attachment":[{"href":"https:\/\/cypressvalleyclinic.com\/es\/wp-json\/wp\/v2\/media?parent=1577"}],"curies":[{"name":"wp","href":"https:\/\/api.w.org\/{rel}","templated":true}]}}