{"id":1579,"date":"2024-09-11T10:57:36","date_gmt":"2024-09-11T10:57:36","guid":{"rendered":"https:\/\/cypressvalleyclinic.com\/embarazada\/"},"modified":"2024-09-11T10:57:36","modified_gmt":"2024-09-11T10:57:36","slug":"embarazada","status":"publish","type":"page","link":"https:\/\/cypressvalleyclinic.com\/es\/embarazada\/","title":{"rendered":"\u00bfEmbarazada?"},"content":{"rendered":"<p data-start=\"0\" data-end=\"39\">\u00bfLe preocupa un embarazo no planificado? Ya sea que esta posibilidad le pille completamente por sorpresa o sea algo sobre lo que no est\u00e1 segura, es normal sentir que no sabe qu\u00e9 hacer a continuaci\u00f3n, o estar ansiosamente paralizada por el shock. <\/p>\n<p data-start=\"234\" data-end=\"330\">Sin embargo, no tiene por qu\u00e9 sentirse as\u00ed. Puede obtener las respuestas que necesita en un entorno seguro y de apoyo. En Cypress Valley Clinic, estamos aqu\u00ed para usted, ofreci\u00e9ndole servicios y recursos gratuitos para el embarazo que le ayudar\u00e1n a planificar su pr\u00f3ximo paso, sea cual sea.  <\/p>\n<h2 data-start=\"488\" data-end=\"528\">\u00bfCu\u00e1ndo debo hacerme una prueba de embarazo?<\/h2>\n<p data-start=\"530\" data-end=\"814\">\u00bfSe le ha retrasado la menstruaci\u00f3n o ha notado cambios inusuales en su estado de \u00e1nimo, apetito o niveles de energ\u00eda? Si bien estos pueden ser signos tempranos de embarazo, tambi\u00e9n pueden ser causados por otros factores como el estr\u00e9s o las fluctuaciones hormonales. Es por eso que una prueba de embarazo es su mejor paso adelante.  <\/p>\n<p data-start=\"816\" data-end=\"861\">Algunos <a href=\"https:\/\/www.mayoclinic.org\/healthy-lifestyle\/getting-pregnant\/in-depth\/symptoms-of-pregnancy\/art-20043853\" target=\"_blank\" rel=\"noopener external noreferrer\" data-wpel-link=\"external\">s\u00edntomas comunes del embarazo temprano<\/a> incluyen:<\/p>\n<ul>\n<li data-start=\"865\" data-end=\"880\">Un per\u00edodo perdido<\/li>\n<li data-start=\"865\" data-end=\"880\">Senos sensibles o hinchados<\/li>\n<li data-start=\"865\" data-end=\"880\">Cambios de humor o altibajos emocionales<\/li>\n<li data-start=\"865\" data-end=\"880\">Aversiones o antojos de alimentos<\/li>\n<li data-start=\"865\" data-end=\"880\">Estre\u00f1imiento, hinchaz\u00f3n o calambres<\/li>\n<li data-start=\"865\" data-end=\"880\">Manchado ligero<\/li>\n<li data-start=\"865\" data-end=\"880\">N\u00e1useas o v\u00f3mitos<\/li>\n<li data-start=\"865\" data-end=\"880\">Fatiga o cansancio inusual<\/li>\n<li data-start=\"865\" data-end=\"880\">Micci\u00f3n frecuente<\/li>\n<\/ul>\n<p data-start=\"1114\" data-end=\"1344\">Si est\u00e1 experimentando uno o m\u00e1s de estos signos, ahora es un buen momento para hacerse una prueba de embarazo, incluso si no est\u00e1 segura. Las pruebas de embarazo caseras que se encuentran en farmacias o minoristas pueden darle una respuesta r\u00e1pida, pero no siempre son precisas si se toman demasiado pronto o se usan incorrectamente. <\/p>\n<h2 data-start=\"1346\" data-end=\"1378\">\u00bfQu\u00e9 sucede despu\u00e9s de la prueba?<\/h2>\n<p data-start=\"1380\" data-end=\"1477\">Cypress Valley Clinic ofrece <a href=\"https:\/\/cypressvalleyclinic.com\/services\/pregnancy-tests\/\" data-wpel-link=\"external\" rel=\"external noopener noreferrer\">pruebas de embarazo<\/a> gratuitas con calidad de laboratorio para obtener resultados en los que pueda confiar.<\/p>\n<p data-start=\"1479\" data-end=\"1676\">Tambi\u00e9n puede calificar para una ecograf\u00eda limitada gratuita si su prueba es positiva. Esto puede ayudar a determinar qu\u00e9 tan avanzado est\u00e1 su embarazo, la ubicaci\u00f3n de su embarazo y si se est\u00e1 desarrollando. <\/p>\n<p data-start=\"1678\" data-end=\"1768\">Estamos aqu\u00ed para caminar con usted durante su embarazo y ayudarle a encontrar los recursos que necesita para hacer frente a esta situaci\u00f3n estresante.<\/p>\n<h2 data-start=\"1770\" data-end=\"1793\"><strong data-start=\"1770\" data-end=\"1793\">Obtenga las respuestas que est\u00e1 buscando<\/strong><\/h2>\n<p data-start=\"1795\" data-end=\"2053\" data-is-last-node=\"\" data-is-only-node=\"\">La situaci\u00f3n y la experiencia de cada mujer son \u00fanicas, y estamos aqu\u00ed para apoyarla sin presiones. Todos nuestros servicios son gratuitos y confidenciales. <\/p>\n<p data-start=\"1795\" data-end=\"2053\" data-is-last-node=\"\" data-is-only-node=\"\"><a href=\"https:\/\/cypressvalleyclinic.com\/es\/contacto\/\" data-wpel-link=\"internal\">Programe<\/a> su cita gratuita hoy mismo y d\u00e9 un paso activo hacia la tranquilidad con personas que se preocupan genuinamente.<\/p>\n","protected":false},"excerpt":{"rendered":"<p>\u00bfLe preocupa un embarazo no planificado? Ya sea que esta posibilidad le pille completamente por sorpresa o sea algo sobre lo que no est\u00e1 segura, es normal sentir que no sabe qu\u00e9 hacer a continuaci\u00f3n, o estar ansiosamente paralizada por el shock. Sin embargo, no tiene por qu\u00e9 sentirse as\u00ed. Puede obtener las respuestas que<\/p>\n","protected":false},"author":1,"featured_media":0,"parent":0,"menu_order":0,"comment_status":"closed","ping_status":"closed","template":"","meta":{"_acf_changed":false,"footnotes":""},"class_list":["post-1579","page","type-page","status-publish","hentry"],"acf":[],"yoast_head":"<!-- This site is optimized with the Yoast SEO plugin v27.6 - https:\/\/yoast.com\/product\/yoast-seo-wordpress\/ -->\n<title>\u00bfEmbarazada? | Cypress Valley Clinic | Kerrville, TX<\/title>\n<meta name=\"description\" content=\"Lea m\u00e1s sobre los s\u00edntomas del embarazo en esta p\u00e1gina. Cypress Valley Clinic ofrece servicios gratuitos para el embarazo. Cont\u00e1ctenos para obtener m\u00e1s informaci\u00f3n.\" \/>\n<meta name=\"robots\" content=\"index, follow, max-snippet:-1, max-image-preview:large, max-video-preview:-1\" \/>\n<link rel=\"canonical\" href=\"https:\/\/cypressvalleyclinic.com\/es\/embarazada\/\" \/>\n<meta property=\"og:locale\" content=\"es_ES\" \/>\n<meta property=\"og:type\" content=\"article\" \/>\n<meta property=\"og:title\" content=\"\u00bfEmbarazada? | Cypress Valley Clinic | Kerrville, TX\" \/>\n<meta property=\"og:description\" content=\"Lea m\u00e1s sobre los s\u00edntomas del embarazo en esta p\u00e1gina. Cypress Valley Clinic ofrece servicios gratuitos para el embarazo. Cont\u00e1ctenos para obtener m\u00e1s informaci\u00f3n.\" \/>\n<meta property=\"og:url\" content=\"https:\/\/cypressvalleyclinic.com\/es\/embarazada\/\" \/>\n<meta property=\"og:site_name\" content=\"Cypress Valley Clinic\" \/>\n<meta property=\"article:publisher\" content=\"https:\/\/www.facebook.com\/thepregnancyresourcecenter.org\" \/>\n<meta name=\"twitter:card\" content=\"summary_large_image\" \/>\n<meta name=\"twitter:label1\" content=\"Tiempo de lectura\" \/>\n\t<meta name=\"twitter:data1\" content=\"2 minutos\" \/>\n<!-- \/ Yoast SEO plugin. -->","yoast_head_json":{"title":"\u00bfEmbarazada? | Cypress Valley Clinic | Kerrville, TX","description":"Lea m\u00e1s sobre los s\u00edntomas del embarazo en esta p\u00e1gina. Cypress Valley Clinic ofrece servicios gratuitos para el embarazo. Cont\u00e1ctenos para obtener m\u00e1s informaci\u00f3n.","robots":{"index":"index","follow":"follow","max-snippet":"max-snippet:-1","max-image-preview":"max-image-preview:large","max-video-preview":"max-video-preview:-1"},"canonical":"https:\/\/cypressvalleyclinic.com\/es\/embarazada\/","og_locale":"es_ES","og_type":"article","og_title":"\u00bfEmbarazada? | Cypress Valley Clinic | Kerrville, TX","og_description":"Lea m\u00e1s sobre los s\u00edntomas del embarazo en esta p\u00e1gina. Cypress Valley Clinic ofrece servicios gratuitos para el embarazo. Cont\u00e1ctenos para obtener m\u00e1s informaci\u00f3n.","og_url":"https:\/\/cypressvalleyclinic.com\/es\/embarazada\/","og_site_name":"Cypress Valley Clinic","article_publisher":"https:\/\/www.facebook.com\/thepregnancyresourcecenter.org","twitter_card":"summary_large_image","twitter_misc":{"Tiempo de lectura":"2 minutos"},"schema":{"@context":"https:\/\/schema.org","@graph":[{"@type":"WebPage","@id":"https:\/\/cypressvalleyclinic.com\/es\/embarazada\/","url":"https:\/\/cypressvalleyclinic.com\/es\/embarazada\/","name":"\u00bfEmbarazada? | Cypress Valley Clinic | Kerrville, TX","isPartOf":{"@id":"https:\/\/cypressvalleyclinic.com\/es\/#website"},"datePublished":"2024-09-11T10:57:36+00:00","description":"Lea m\u00e1s sobre los s\u00edntomas del embarazo en esta p\u00e1gina. Cypress Valley Clinic ofrece servicios gratuitos para el embarazo. Cont\u00e1ctenos para obtener m\u00e1s informaci\u00f3n.","breadcrumb":{"@id":"https:\/\/cypressvalleyclinic.com\/es\/embarazada\/#breadcrumb"},"inLanguage":"es","potentialAction":[{"@type":"ReadAction","target":["https:\/\/cypressvalleyclinic.com\/es\/embarazada\/"]}]},{"@type":"BreadcrumbList","@id":"https:\/\/cypressvalleyclinic.com\/es\/embarazada\/#breadcrumb","itemListElement":[{"@type":"ListItem","position":1,"name":"Home","item":"https:\/\/cypressvalleyclinic.com\/es\/"},{"@type":"ListItem","position":2,"name":"\u00bfEmbarazada?"}]},{"@type":"WebSite","@id":"https:\/\/cypressvalleyclinic.com\/es\/#website","url":"https:\/\/cypressvalleyclinic.com\/es\/","name":"Cypress Valley Clinic","description":"","publisher":{"@id":"https:\/\/cypressvalleyclinic.com\/es\/#organization"},"potentialAction":[{"@type":"SearchAction","target":{"@type":"EntryPoint","urlTemplate":"https:\/\/cypressvalleyclinic.com\/es\/?s={search_term_string}"},"query-input":{"@type":"PropertyValueSpecification","valueRequired":true,"valueName":"search_term_string"}}],"inLanguage":"es"},{"@type":"Organization","@id":"https:\/\/cypressvalleyclinic.com\/es\/#organization","name":"Cl\u00ednica Cypress Valley","url":"https:\/\/cypressvalleyclinic.com\/es\/","logo":{"@type":"ImageObject","inLanguage":"es","@id":"https:\/\/cypressvalleyclinic.com\/es\/#\/schema\/logo\/image\/","url":"https:\/\/cypressvalleyclinic.com\/wp-content\/uploads\/2025\/07\/Cypress-Valley-Clinic-Logo-Full-Color-WEB.png","contentUrl":"https:\/\/cypressvalleyclinic.com\/wp-content\/uploads\/2025\/07\/Cypress-Valley-Clinic-Logo-Full-Color-WEB.png","width":1490,"height":1107,"caption":"Cl\u00ednica Cypress Valley"},"image":{"@id":"https:\/\/cypressvalleyclinic.com\/es\/#\/schema\/logo\/image\/"},"sameAs":["https:\/\/www.facebook.com\/thepregnancyresourcecenter.org","https:\/\/www.instagram.com\/theprckerrville\/"]}]}},"_links":{"self":[{"href":"https:\/\/cypressvalleyclinic.com\/es\/wp-json\/wp\/v2\/pages\/1579","targetHints":{"allow":["GET"]}}],"collection":[{"href":"https:\/\/cypressvalleyclinic.com\/es\/wp-json\/wp\/v2\/pages"}],"about":[{"href":"https:\/\/cypressvalleyclinic.com\/es\/wp-json\/wp\/v2\/types\/page"}],"author":[{"embeddable":true,"href":"https:\/\/cypressvalleyclinic.com\/es\/wp-json\/wp\/v2\/users\/1"}],"replies":[{"embeddable":true,"href":"https:\/\/cypressvalleyclinic.com\/es\/wp-json\/wp\/v2\/comments?post=1579"}],"version-history":[{"count":0,"href":"https:\/\/cypressvalleyclinic.com\/es\/wp-json\/wp\/v2\/pages\/1579\/revisions"}],"wp:attachment":[{"href":"https:\/\/cypressvalleyclinic.com\/es\/wp-json\/wp\/v2\/media?parent=1579"}],"curies":[{"name":"wp","href":"https:\/\/api.w.org\/{rel}","templated":true}]}}