{"id":1581,"date":"2024-09-11T10:59:35","date_gmt":"2024-09-11T10:59:35","guid":{"rendered":"https:\/\/cypressvalleyclinic.com\/opciones\/paternidad-maternidad\/"},"modified":"2024-09-11T10:59:35","modified_gmt":"2024-09-11T10:59:35","slug":"paternidad-maternidad","status":"publish","type":"page","link":"https:\/\/cypressvalleyclinic.com\/es\/opciones\/paternidad-maternidad\/","title":{"rendered":"Paternidad\/Maternidad"},"content":{"rendered":"<p data-start=\"49\" data-end=\"250\">La paternidad\/maternidad puede parecer inalcanzable, especialmente si no era algo que ten\u00edas planeado. Las preguntas sobre tu preparaci\u00f3n, estabilidad financiera y si tendr\u00e1s el apoyo que necesitas son completamente naturales. <\/p>\n<p data-start=\"252\" data-end=\"456\">Estas preocupaciones son v\u00e1lidas, pero no tienen por qu\u00e9 impedir que consideres la paternidad\/maternidad como una opci\u00f3n significativa y alcanzable. Puedes encontrar la fuerza para seguir adelante con los recursos y el apoyo adecuados. <\/p>\n<h2 data-start=\"458\" data-end=\"502\">Consideraciones sobre la paternidad\/maternidad<\/h2>\n<p data-start=\"504\" data-end=\"809\">No tienes que tener todas las respuestas ahora. Ya sea que te preguntes c\u00f3mo manejar las exigencias financieras, te preocupe ser un padre\/madre soltero\/a o no est\u00e9s seguro\/a de c\u00f3mo equilibrar la escuela, el trabajo y la paternidad\/maternidad, darte tiempo para hacer preguntas y aprender sobre los recursos disponibles puede marcar una gran diferencia. <\/p>\n<p data-start=\"811\" data-end=\"1184\">La paternidad\/maternidad no se trata de perfecci\u00f3n; se trata de aprender y crecer junto a tu hijo\/a, tomar decisiones informadas y tener las herramientas adecuadas para afrontar los desaf\u00edos.<\/p>\n<p data-start=\"811\" data-end=\"1184\">Reflexionar sobre lo que la paternidad\/maternidad podr\u00eda significar para ti puede ayudarte a aclarar tus pensamientos y objetivos. Considera lo que te entusiasma del camino que tienes por delante, tus mayores temores y con qui\u00e9n puedes contar para obtener apoyo. <\/p>\n<p data-start=\"1186\" data-end=\"1407\">Piensa en el tipo de padre\/madre que quieres ser y en el apoyo que necesitar\u00edas para ayudarte a alcanzar ese objetivo. Est\u00e1 bien sentirse inseguro\/a al principio, pero con informaci\u00f3n y asistencia, el camino a seguir puede sentirse mucho m\u00e1s claro. <\/p>\n<h2 data-start=\"1409\" data-end=\"1435\">Encontrar apoyo<\/h2>\n<p data-start=\"1437\" data-end=\"1733\">En Cypress Valley Clinic, ofrecemos educaci\u00f3n, recursos y derivaciones gratuitas y confidenciales sobre la paternidad\/maternidad, dise\u00f1ados para ayudarte a prepararte para la paternidad\/maternidad. Ya sea que este sea tu primer hijo\/a, ya seas padre\/madre o est\u00e9s esperando un embarazo no planificado nuevamente, estamos aqu\u00ed para acompa\u00f1arte en el proceso. <\/p>\n<p data-start=\"1735\" data-end=\"2024\">Nuestro equipo atento y sin prejuicios est\u00e1 listo para responder a tus preguntas y conectarte con el apoyo que mejor se adapte a tu situaci\u00f3n particular.<\/p>\n<p data-start=\"1735\" data-end=\"2024\">Entendemos que cada circunstancia es diferente, y estamos comprometidos a encontrarnos contigo donde est\u00e9s y ofrecerte respeto y comprensi\u00f3n en el camino.<\/p>\n<p data-start=\"2026\" data-end=\"2260\">Ya sea que est\u00e9s empezando a explorar la paternidad\/maternidad o ya hayas tomado tu decisi\u00f3n y necesites apoyo pr\u00e1ctico, estamos aqu\u00ed para proporcionarte la informaci\u00f3n, los recursos y el aliento que necesitas para avanzar a tu propio ritmo.<\/p>\n<h2 data-start=\"2262\" data-end=\"2299\">Ponte en contacto con nosotros<\/h2>\n<p data-start=\"2301\" data-end=\"2473\">No est\u00e1s solo\/a en este camino. <a href=\"https:\/\/cypressvalleyclinic.com\/es\/contacto\/\" data-wpel-link=\"internal\">Programa<\/a> una cita gratuita y confidencial con nosotros hoy mismo, y perm\u00edtenos ayudarte a dar el siguiente paso con confianza, claridad y compasi\u00f3n.<\/p>\n<p data-start=\"2475\" data-end=\"2620\" data-is-last-node=\"\" data-is-only-node=\"\">Hablemos de tus esperanzas, preocupaciones y el apoyo que necesitas para seguir adelante. Eres capaz de m\u00e1s de lo que crees, y puedes hacerlo. <\/p>\n","protected":false},"excerpt":{"rendered":"<p>La paternidad\/maternidad puede parecer inalcanzable, pero con los recursos y el apoyo adecuados, puedes encontrar la fuerza para seguir adelante si es una decisi\u00f3n que quieres tomar. <\/p>\n","protected":false},"author":1,"featured_media":0,"parent":1560,"menu_order":3,"comment_status":"closed","ping_status":"closed","template":"","meta":{"_acf_changed":false,"footnotes":""},"class_list":["post-1581","page","type-page","status-publish","hentry"],"acf":[],"yoast_head":"<!-- This site is optimized with the Yoast SEO plugin v27.5 - https:\/\/yoast.com\/product\/yoast-seo-wordpress\/ -->\n<title>Paternidad\/Maternidad | Cypress Valley Clinic | Kerrville, TX<\/title>\n<meta name=\"description\" content=\"Read more about Paternidad\/Maternidad on this page. Cypress Valley Clinic offers free pregnancy services. Contact us to learn more.\" \/>\n<meta name=\"robots\" content=\"index, follow, max-snippet:-1, max-image-preview:large, max-video-preview:-1\" \/>\n<link rel=\"canonical\" href=\"https:\/\/cypressvalleyclinic.com\/es\/opciones\/paternidad-maternidad\/\" \/>\n<meta property=\"og:locale\" content=\"es_ES\" \/>\n<meta property=\"og:type\" content=\"article\" \/>\n<meta property=\"og:title\" content=\"Paternidad\/Maternidad | Cypress Valley Clinic | Kerrville, TX\" \/>\n<meta property=\"og:description\" content=\"Read more about Paternidad\/Maternidad on this page. Cypress Valley Clinic offers free pregnancy services. Contact us to learn more.\" \/>\n<meta property=\"og:url\" content=\"https:\/\/cypressvalleyclinic.com\/es\/opciones\/paternidad-maternidad\/\" \/>\n<meta property=\"og:site_name\" content=\"Cypress Valley Clinic\" \/>\n<meta property=\"article:publisher\" content=\"https:\/\/www.facebook.com\/thepregnancyresourcecenter.org\" \/>\n<meta name=\"twitter:card\" content=\"summary_large_image\" \/>\n<meta name=\"twitter:label1\" content=\"Tiempo de lectura\" \/>\n\t<meta name=\"twitter:data1\" content=\"2 minutos\" \/>\n<!-- \/ Yoast SEO plugin. -->","yoast_head_json":{"title":"Paternidad\/Maternidad | Cypress Valley Clinic | Kerrville, TX","description":"Read more about Paternidad\/Maternidad on this page. Cypress Valley Clinic offers free pregnancy services. Contact us to learn more.","robots":{"index":"index","follow":"follow","max-snippet":"max-snippet:-1","max-image-preview":"max-image-preview:large","max-video-preview":"max-video-preview:-1"},"canonical":"https:\/\/cypressvalleyclinic.com\/es\/opciones\/paternidad-maternidad\/","og_locale":"es_ES","og_type":"article","og_title":"Paternidad\/Maternidad | Cypress Valley Clinic | Kerrville, TX","og_description":"Read more about Paternidad\/Maternidad on this page. Cypress Valley Clinic offers free pregnancy services. Contact us to learn more.","og_url":"https:\/\/cypressvalleyclinic.com\/es\/opciones\/paternidad-maternidad\/","og_site_name":"Cypress Valley Clinic","article_publisher":"https:\/\/www.facebook.com\/thepregnancyresourcecenter.org","twitter_card":"summary_large_image","twitter_misc":{"Tiempo de lectura":"2 minutos"},"schema":{"@context":"https:\/\/schema.org","@graph":[{"@type":"WebPage","@id":"https:\/\/cypressvalleyclinic.com\/es\/opciones\/paternidad-maternidad\/","url":"https:\/\/cypressvalleyclinic.com\/es\/opciones\/paternidad-maternidad\/","name":"Paternidad\/Maternidad | Cypress Valley Clinic | Kerrville, TX","isPartOf":{"@id":"https:\/\/cypressvalleyclinic.com\/es\/#website"},"datePublished":"2024-09-11T10:59:35+00:00","description":"Read more about Paternidad\/Maternidad on this page. Cypress Valley Clinic offers free pregnancy services. Contact us to learn more.","breadcrumb":{"@id":"https:\/\/cypressvalleyclinic.com\/es\/opciones\/paternidad-maternidad\/#breadcrumb"},"inLanguage":"es","potentialAction":[{"@type":"ReadAction","target":["https:\/\/cypressvalleyclinic.com\/es\/opciones\/paternidad-maternidad\/"]}]},{"@type":"BreadcrumbList","@id":"https:\/\/cypressvalleyclinic.com\/es\/opciones\/paternidad-maternidad\/#breadcrumb","itemListElement":[{"@type":"ListItem","position":1,"name":"Home","item":"https:\/\/cypressvalleyclinic.com\/es\/"},{"@type":"ListItem","position":2,"name":"Opciones","item":"https:\/\/cypressvalleyclinic.com\/es\/opciones\/"},{"@type":"ListItem","position":3,"name":"Paternidad\/Maternidad"}]},{"@type":"WebSite","@id":"https:\/\/cypressvalleyclinic.com\/es\/#website","url":"https:\/\/cypressvalleyclinic.com\/es\/","name":"Cypress Valley Clinic","description":"","publisher":{"@id":"https:\/\/cypressvalleyclinic.com\/es\/#organization"},"potentialAction":[{"@type":"SearchAction","target":{"@type":"EntryPoint","urlTemplate":"https:\/\/cypressvalleyclinic.com\/es\/?s={search_term_string}"},"query-input":{"@type":"PropertyValueSpecification","valueRequired":true,"valueName":"search_term_string"}}],"inLanguage":"es"},{"@type":"Organization","@id":"https:\/\/cypressvalleyclinic.com\/es\/#organization","name":"Cl\u00ednica Cypress Valley","url":"https:\/\/cypressvalleyclinic.com\/es\/","logo":{"@type":"ImageObject","inLanguage":"es","@id":"https:\/\/cypressvalleyclinic.com\/es\/#\/schema\/logo\/image\/","url":"https:\/\/cypressvalleyclinic.com\/wp-content\/uploads\/2025\/07\/Cypress-Valley-Clinic-Logo-Full-Color-WEB.png","contentUrl":"https:\/\/cypressvalleyclinic.com\/wp-content\/uploads\/2025\/07\/Cypress-Valley-Clinic-Logo-Full-Color-WEB.png","width":1490,"height":1107,"caption":"Cl\u00ednica Cypress Valley"},"image":{"@id":"https:\/\/cypressvalleyclinic.com\/es\/#\/schema\/logo\/image\/"},"sameAs":["https:\/\/www.facebook.com\/thepregnancyresourcecenter.org","https:\/\/www.instagram.com\/theprckerrville\/"]}]}},"_links":{"self":[{"href":"https:\/\/cypressvalleyclinic.com\/es\/wp-json\/wp\/v2\/pages\/1581","targetHints":{"allow":["GET"]}}],"collection":[{"href":"https:\/\/cypressvalleyclinic.com\/es\/wp-json\/wp\/v2\/pages"}],"about":[{"href":"https:\/\/cypressvalleyclinic.com\/es\/wp-json\/wp\/v2\/types\/page"}],"author":[{"embeddable":true,"href":"https:\/\/cypressvalleyclinic.com\/es\/wp-json\/wp\/v2\/users\/1"}],"replies":[{"embeddable":true,"href":"https:\/\/cypressvalleyclinic.com\/es\/wp-json\/wp\/v2\/comments?post=1581"}],"version-history":[{"count":0,"href":"https:\/\/cypressvalleyclinic.com\/es\/wp-json\/wp\/v2\/pages\/1581\/revisions"}],"up":[{"embeddable":true,"href":"https:\/\/cypressvalleyclinic.com\/es\/wp-json\/wp\/v2\/pages\/1560"}],"wp:attachment":[{"href":"https:\/\/cypressvalleyclinic.com\/es\/wp-json\/wp\/v2\/media?parent=1581"}],"curies":[{"name":"wp","href":"https:\/\/api.w.org\/{rel}","templated":true}]}}