{"id":1583,"date":"2024-09-11T10:59:22","date_gmt":"2024-09-11T10:59:22","guid":{"rendered":"https:\/\/cypressvalleyclinic.com\/opciones\/adopcion\/"},"modified":"2024-09-11T10:59:22","modified_gmt":"2024-09-11T10:59:22","slug":"adopcion","status":"publish","type":"page","link":"https:\/\/cypressvalleyclinic.com\/es\/opciones\/adopcion\/","title":{"rendered":"Adopci\u00f3n"},"content":{"rendered":"<p>La adopci\u00f3n es una de las opciones de embarazo que puede proporcionar un futuro esperanzador tanto para usted como para su hijo. La adopci\u00f3n moderna no es lo que era antes: ahora ofrece a las futuras madres la oportunidad de mantener el control durante todo el proceso. Desde la selecci\u00f3n de la familia adoptiva hasta la determinaci\u00f3n del nivel de contacto futuro, usted puede decidir el grado de implicaci\u00f3n que desea tener en cada paso del camino.  <\/p>\n<p data-start=\"446\" data-end=\"653\">Si est\u00e1 considerando la posibilidad de hacer un plan de adopci\u00f3n, es esencial que comprenda todas sus opciones. Cuanto m\u00e1s aprenda, m\u00e1s segura se sentir\u00e1 de su decisi\u00f3n, sabiendo que es la correcta para usted y su beb\u00e9. <\/p>\n<h2 data-start=\"655\" data-end=\"688\">\u00bfPor qu\u00e9 la adopci\u00f3n?<\/h2>\n<p data-start=\"690\" data-end=\"849\">La adopci\u00f3n es a menudo una de las decisiones m\u00e1s dif\u00edciles pero a la vez m\u00e1s amorosas que una mujer puede tomar. Hay muchas razones por las que mujeres de todas las clases sociales eligen esta opci\u00f3n. <\/p>\n<p data-start=\"851\" data-end=\"1119\">Algunas mujeres pueden sentir que son demasiado j\u00f3venes o que no est\u00e1n preparadas para criar a un hijo, mientras que otras ya tienen hijos y sienten que no tienen los recursos para cuidar de otro. Algunas pueden pensar que la maternidad no forma parte de sus objetivos vitales, o que el momento no es el adecuado. <\/p>\n<p data-start=\"1121\" data-end=\"1341\">Tambi\u00e9n hay circunstancias en las que las mujeres pueden estar en relaciones inseguras o poco saludables, en las que el padre ya no est\u00e1 involucrado, o en las que quieren que su hijo tenga m\u00e1s oportunidades en un hogar estable con dos padres.<\/p>\n<p data-start=\"1343\" data-end=\"1481\">Sea cual sea la raz\u00f3n, la decisi\u00f3n de elegir la adopci\u00f3n tiene su origen en el amor y en el deseo de dar al ni\u00f1o el mejor futuro posible.<\/p>\n<h2 data-start=\"1483\" data-end=\"1521\">Planes de adopci\u00f3n que se adaptan a sus necesidades<\/h2>\n<p data-start=\"1523\" data-end=\"1713\">Su situaci\u00f3n es \u00fanica, y es por eso que varios planes de adopci\u00f3n le permiten elegir el nivel de participaci\u00f3n que le parezca adecuado. Usted tiene el control en cada paso del camino. <\/p>\n<h3 data-start=\"1715\" data-end=\"2054\">Adopci\u00f3n abierta<\/h3>\n<p data-start=\"1715\" data-end=\"2054\">En una adopci\u00f3n abierta, usted selecciona a la familia adoptiva y permanece involucrada en la vida de su hijo en la medida en que se sienta c\u00f3moda. Esto puede incluir la comunicaci\u00f3n a trav\u00e9s de cartas, fotos, llamadas telef\u00f3nicas o visitas ocasionales. Esta opci\u00f3n proporciona un contacto continuo y la tranquilidad de saber c\u00f3mo le va a su hijo.  <\/p>\n<h3 data-start=\"2056\" data-end=\"2381\">Adopci\u00f3n semiabierta<\/h3>\n<p data-start=\"2056\" data-end=\"2381\">Una adopci\u00f3n semiabierta podr\u00eda ser una buena opci\u00f3n si prefiere un contacto m\u00e1s limitado. Este plan permite la comunicaci\u00f3n a trav\u00e9s de un tercero, como una agencia de adopci\u00f3n o un abogado. Aunque su informaci\u00f3n personal permanece confidencial, seguir\u00e1 recibiendo actualizaciones sobre el bienestar y los hitos de su hijo.  <\/p>\n<h3 data-start=\"2383\" data-end=\"2654\">Adopci\u00f3n cerrada<\/h3>\n<p data-start=\"2383\" data-end=\"2654\">Una adopci\u00f3n cerrada ofrece total privacidad. Usted y la familia adoptiva no tienen contacto, y los tribunales sellan su informaci\u00f3n de identificaci\u00f3n. Esto asegura que no tenga m\u00e1s comunicaci\u00f3n o conexi\u00f3n con los padres adoptivos despu\u00e9s de que el proceso se complete.  <\/p>\n<h2 data-start=\"2656\" data-end=\"2678\">Explore la adopci\u00f3n<\/h2>\n<p data-start=\"2680\" data-end=\"2977\">En Cypress Valley Clinic, ofrecemos citas gratuitas y confidenciales para discutir sus opciones de adopci\u00f3n y ayudarle a tomar una decisi\u00f3n informada. Nunca le presionamos para que elija un camino sobre otro: estamos aqu\u00ed para escuchar, apoyar y darle toda la informaci\u00f3n que necesita para decidir lo que es mejor para usted. <\/p>\n<p data-start=\"2979\" data-end=\"3173\">Si elige la adopci\u00f3n, no hay costos por los servicios relacionados con la adopci\u00f3n. Tambi\u00e9n ofrecemos conexiones con organizaciones que brindan apoyo emocional y financiero durante todo el proceso de adopci\u00f3n. <\/p>\n<p data-start=\"3175\" data-end=\"3315\" data-is-last-node=\"\" data-is-only-node=\"\">Haga su <a href=\"https:\/\/cypressvalleyclinic.com\/es\/contacto\/\" data-wpel-link=\"internal\">cita<\/a> gratuita y confidencial hoy mismo para obtener m\u00e1s informaci\u00f3n sobre c\u00f3mo dar a su hijo en adopci\u00f3n puede proporcionar un futuro esperanzador tanto para usted como para su beb\u00e9.<\/p>\n<div class=\"mt-3 w-full empty:hidden\">\n<div class=\"text-center\"><\/div>\n<\/div>\n<div class=\"absolute\">\n<div class=\"flex items-center justify-center\"><\/div>\n<\/div>\n<div class=\"pointer-events-none h-px w-px\" aria-hidden=\"true\" data-edge=\"true\"><\/div>\n<div><\/div>\n<div><\/div>\n<div id=\"thread-bottom-container\" class=\"isolate z-3 w-full basis-auto has-data-has-thread-error:pt-2 has-data-has-thread-error:[box-shadow:var(--sharp-edge-bottom-shadow)] md:border-transparent md:pt-0 dark:border-white\/20 md:dark:border-transparent flex flex-col\">\n<div id=\"thread-bottom\">\n<div class=\"text-base mx-auto [--thread-content-margin:--spacing(4)] @[37rem]:[--thread-content-margin:--spacing(6)] @[72rem]:[--thread-content-margin:--spacing(16)] px-(--thread-content-margin)\">\n<div class=\"[--thread-content-max-width:32rem] @[34rem]:[--thread-content-max-width:40rem] @[64rem]:[--thread-content-max-width:48rem] mx-auto flex max-w-(--thread-content-max-width) flex-1 text-base gap-4 md:gap-5 lg:gap-6\">\n<div class=\"flex justify-center empty:hidden\"><\/div>\n<div class=\"max-xs:[--force-hide-label:none] relative z-1 flex h-full max-w-full flex-1 flex-col\" aria-haspopup=\"dialog\" aria-expanded=\"false\" aria-controls=\"radix-\u00abrkl\u00bb\" data-state=\"closed\">\n<div class=\"absolute start-0 end-0 bottom-full z-20\"><\/div>\n<form class=\"w-full [view-transition-name:var(--vt-composer)]\" data-type=\"unified-composer\">\n<div class=\"bg-token-bg-primary flex w-full cursor-text flex-col items-center justify-center overflow-clip bg-clip-padding contain-inline-size dark:bg-[#303030] shadow-short rounded-[28px]\">\n<div class=\"relative flex w-full items-end px-2.5 py-2.5\">\n<div class=\"relative flex w-full flex-auto flex-col\">\n<div class=\"relative mx-2.5 grid grid-cols-[auto_minmax(0,1fr)]\">\n<div class=\"items-top flex justify-center\">\n<div><\/div>\n<\/div>\n<\/div>\n<\/div>\n<\/div>\n<\/div>\n<\/form>\n<\/div>\n<\/div>\n<\/div>\n<\/div>\n<\/div>\n","protected":false},"excerpt":{"rendered":"<p>La adopci\u00f3n puede ser una decisi\u00f3n emocionalmente dif\u00edcil, pero el proceso moderno permite m\u00e1s flexibilidad de lo que cree. Lea m\u00e1s para saber c\u00f3mo podr\u00eda ser la adopci\u00f3n para usted. <\/p>\n","protected":false},"author":1,"featured_media":0,"parent":1560,"menu_order":2,"comment_status":"closed","ping_status":"closed","template":"","meta":{"_acf_changed":false,"footnotes":""},"class_list":["post-1583","page","type-page","status-publish","hentry"],"acf":[],"yoast_head":"<!-- This site is optimized with the Yoast SEO plugin v27.5 - https:\/\/yoast.com\/product\/yoast-seo-wordpress\/ -->\n<title>Adopci\u00f3n | Cypress Valley Clinic | Kerrville, TX<\/title>\n<meta name=\"description\" content=\"Read more about Adopci\u00f3n on this page. Cypress Valley Clinic offers free pregnancy services. Contact us to learn more.\" \/>\n<meta name=\"robots\" content=\"index, follow, max-snippet:-1, max-image-preview:large, max-video-preview:-1\" \/>\n<link rel=\"canonical\" href=\"https:\/\/cypressvalleyclinic.com\/es\/opciones\/adopcion\/\" \/>\n<meta property=\"og:locale\" content=\"es_ES\" \/>\n<meta property=\"og:type\" content=\"article\" \/>\n<meta property=\"og:title\" content=\"Adopci\u00f3n | Cypress Valley Clinic | Kerrville, TX\" \/>\n<meta property=\"og:description\" content=\"Read more about Adopci\u00f3n on this page. Cypress Valley Clinic offers free pregnancy services. Contact us to learn more.\" \/>\n<meta property=\"og:url\" content=\"https:\/\/cypressvalleyclinic.com\/es\/opciones\/adopcion\/\" \/>\n<meta property=\"og:site_name\" content=\"Cypress Valley Clinic\" \/>\n<meta property=\"article:publisher\" content=\"https:\/\/www.facebook.com\/thepregnancyresourcecenter.org\" \/>\n<meta name=\"twitter:card\" content=\"summary_large_image\" \/>\n<meta name=\"twitter:label1\" content=\"Tiempo de lectura\" \/>\n\t<meta name=\"twitter:data1\" content=\"3 minutos\" \/>\n<!-- \/ Yoast SEO plugin. -->","yoast_head_json":{"title":"Adopci\u00f3n | Cypress Valley Clinic | Kerrville, TX","description":"Read more about Adopci\u00f3n on this page. Cypress Valley Clinic offers free pregnancy services. Contact us to learn more.","robots":{"index":"index","follow":"follow","max-snippet":"max-snippet:-1","max-image-preview":"max-image-preview:large","max-video-preview":"max-video-preview:-1"},"canonical":"https:\/\/cypressvalleyclinic.com\/es\/opciones\/adopcion\/","og_locale":"es_ES","og_type":"article","og_title":"Adopci\u00f3n | Cypress Valley Clinic | Kerrville, TX","og_description":"Read more about Adopci\u00f3n on this page. Cypress Valley Clinic offers free pregnancy services. Contact us to learn more.","og_url":"https:\/\/cypressvalleyclinic.com\/es\/opciones\/adopcion\/","og_site_name":"Cypress Valley Clinic","article_publisher":"https:\/\/www.facebook.com\/thepregnancyresourcecenter.org","twitter_card":"summary_large_image","twitter_misc":{"Tiempo de lectura":"3 minutos"},"schema":{"@context":"https:\/\/schema.org","@graph":[{"@type":"WebPage","@id":"https:\/\/cypressvalleyclinic.com\/es\/opciones\/adopcion\/","url":"https:\/\/cypressvalleyclinic.com\/es\/opciones\/adopcion\/","name":"Adopci\u00f3n | Cypress Valley Clinic | Kerrville, TX","isPartOf":{"@id":"https:\/\/cypressvalleyclinic.com\/es\/#website"},"datePublished":"2024-09-11T10:59:22+00:00","description":"Read more about Adopci\u00f3n on this page. Cypress Valley Clinic offers free pregnancy services. Contact us to learn more.","breadcrumb":{"@id":"https:\/\/cypressvalleyclinic.com\/es\/opciones\/adopcion\/#breadcrumb"},"inLanguage":"es","potentialAction":[{"@type":"ReadAction","target":["https:\/\/cypressvalleyclinic.com\/es\/opciones\/adopcion\/"]}]},{"@type":"BreadcrumbList","@id":"https:\/\/cypressvalleyclinic.com\/es\/opciones\/adopcion\/#breadcrumb","itemListElement":[{"@type":"ListItem","position":1,"name":"Home","item":"https:\/\/cypressvalleyclinic.com\/es\/"},{"@type":"ListItem","position":2,"name":"Opciones","item":"https:\/\/cypressvalleyclinic.com\/es\/opciones\/"},{"@type":"ListItem","position":3,"name":"Adopci\u00f3n"}]},{"@type":"WebSite","@id":"https:\/\/cypressvalleyclinic.com\/es\/#website","url":"https:\/\/cypressvalleyclinic.com\/es\/","name":"Cypress Valley Clinic","description":"","publisher":{"@id":"https:\/\/cypressvalleyclinic.com\/es\/#organization"},"potentialAction":[{"@type":"SearchAction","target":{"@type":"EntryPoint","urlTemplate":"https:\/\/cypressvalleyclinic.com\/es\/?s={search_term_string}"},"query-input":{"@type":"PropertyValueSpecification","valueRequired":true,"valueName":"search_term_string"}}],"inLanguage":"es"},{"@type":"Organization","@id":"https:\/\/cypressvalleyclinic.com\/es\/#organization","name":"Cl\u00ednica Cypress Valley","url":"https:\/\/cypressvalleyclinic.com\/es\/","logo":{"@type":"ImageObject","inLanguage":"es","@id":"https:\/\/cypressvalleyclinic.com\/es\/#\/schema\/logo\/image\/","url":"https:\/\/cypressvalleyclinic.com\/wp-content\/uploads\/2025\/07\/Cypress-Valley-Clinic-Logo-Full-Color-WEB.png","contentUrl":"https:\/\/cypressvalleyclinic.com\/wp-content\/uploads\/2025\/07\/Cypress-Valley-Clinic-Logo-Full-Color-WEB.png","width":1490,"height":1107,"caption":"Cl\u00ednica Cypress Valley"},"image":{"@id":"https:\/\/cypressvalleyclinic.com\/es\/#\/schema\/logo\/image\/"},"sameAs":["https:\/\/www.facebook.com\/thepregnancyresourcecenter.org","https:\/\/www.instagram.com\/theprckerrville\/"]}]}},"_links":{"self":[{"href":"https:\/\/cypressvalleyclinic.com\/es\/wp-json\/wp\/v2\/pages\/1583","targetHints":{"allow":["GET"]}}],"collection":[{"href":"https:\/\/cypressvalleyclinic.com\/es\/wp-json\/wp\/v2\/pages"}],"about":[{"href":"https:\/\/cypressvalleyclinic.com\/es\/wp-json\/wp\/v2\/types\/page"}],"author":[{"embeddable":true,"href":"https:\/\/cypressvalleyclinic.com\/es\/wp-json\/wp\/v2\/users\/1"}],"replies":[{"embeddable":true,"href":"https:\/\/cypressvalleyclinic.com\/es\/wp-json\/wp\/v2\/comments?post=1583"}],"version-history":[{"count":0,"href":"https:\/\/cypressvalleyclinic.com\/es\/wp-json\/wp\/v2\/pages\/1583\/revisions"}],"up":[{"embeddable":true,"href":"https:\/\/cypressvalleyclinic.com\/es\/wp-json\/wp\/v2\/pages\/1560"}],"wp:attachment":[{"href":"https:\/\/cypressvalleyclinic.com\/es\/wp-json\/wp\/v2\/media?parent=1583"}],"curies":[{"name":"wp","href":"https:\/\/api.w.org\/{rel}","templated":true}]}}