{"id":1585,"date":"2024-09-11T10:59:01","date_gmt":"2024-09-11T10:59:01","guid":{"rendered":"https:\/\/cypressvalleyclinic.com\/opciones\/aborto\/"},"modified":"2024-09-11T10:59:01","modified_gmt":"2024-09-11T10:59:01","slug":"aborto","status":"publish","type":"page","link":"https:\/\/cypressvalleyclinic.com\/es\/opciones\/aborto\/","title":{"rendered":"Aborto"},"content":{"rendered":"<p data-start=\"56\" data-end=\"349\">Decidir interrumpir un embarazo con un aborto es una decisi\u00f3n importante, y es fundamental comprender completamente las opciones disponibles. Conocer los diversos m\u00e9todos, los posibles efectos secundarios y los riesgos asociados con el aborto le ayudar\u00e1 a asegurarse de que est\u00e1 tomando la mejor decisi\u00f3n para su salud y su futuro. <\/p>\n<p data-start=\"351\" data-end=\"496\">En Cypress Valley Clinic, ofrecemos servicios precisos, compasivos y gratuitos para brindarle la claridad que necesita mientras explora todas sus opciones.<\/p>\n<h2 data-start=\"498\" data-end=\"530\">Tipos de procedimientos de aborto<\/h2>\n<p data-start=\"532\" data-end=\"717\">Hay dos tipos de aborto: m\u00e9dico y quir\u00fargico. La elecci\u00f3n del procedimiento depender\u00e1 de lo avanzado que est\u00e9 el embarazo y de otros factores personales que puedan afectar a su salud. <\/p>\n<h3 data-start=\"719\" data-end=\"759\">Aborto m\u00e9dico (la p\u00edldora abortiva)<\/h3>\n<p data-start=\"761\" data-end=\"1088\">Un <a href=\"https:\/\/www.mayoclinic.org\/tests-procedures\/medical-abortion\/about\/pac-20394687#:~:text=Mifepristone%20blocks%20the%20hormone%20progesterone.%20This%20causes%20the%20lining%20of%20the%20uterus%20to%20thin.%20It%20prevents%20the%20embryo%20from%20staying%20attached%20to%20the%20uterine%20wall%20and%20growing.%20Misoprostol%20causes%20the%20uterus%20to%20contract%20and%20expel%20the%20embryo%20through%20the%20vagina.\" target=\"_blank\" rel=\"noopener external noreferrer\" data-wpel-link=\"external\">aborto m\u00e9dico<\/a> utiliza dos f\u00e1rmacos, la mifepristona y el misoprostol, para interrumpir un embarazo. La mifepristona bloquea la progesterona, una hormona necesaria para que el embarazo contin\u00fae, y el misoprostol hace que el \u00fatero expulse el embarazo a trav\u00e9s de calambres y sangrado. La <a href=\"https:\/\/www.fda.gov\/drugs\/postmarket-drug-safety-information-patients-and-providers\/information-about-mifepristone-medical-termination-pregnancy-through-ten-weeks-gestation\" target=\"_blank\" rel=\"noopener external noreferrer\" data-wpel-link=\"external\">FDA<\/a> aprueba este m\u00e9todo hasta las 10 primeras semanas de embarazo.  <\/p>\n<p data-start=\"1090\" data-end=\"1118\">Los calambres abdominales y el sangrado vaginal son dos de los principales efectos secundarios, pero tambi\u00e9n puede experimentar:<\/p>\n<ul class=\"wp-block-list\">\n<li>N\u00e1useas o v\u00f3mitos<\/li>\n<li>Diarrea<\/li>\n<li>Fiebre o escalofr\u00edos<\/li>\n<li>Dolor de cabeza o fatiga<\/li>\n<\/ul>\n<p data-start=\"1224\" data-end=\"1264\">Los <a href=\"https:\/\/www.mayoclinic.org\/tests-procedures\/medical-abortion\/about\/pac-20394687#:~:text=The%20body%20not,as%20upset%20stomach.\" target=\"_blank\" rel=\"noopener external noreferrer\" data-wpel-link=\"external\">riesgos<\/a> de un aborto m\u00e9dico incluyen:<\/p>\n<ul class=\"wp-block-list\">\n<li>El cuerpo no libera todo el tejido del embarazo en el \u00fatero, lo que tambi\u00e9n se denomina aborto incompleto. Esto puede requerir un aborto quir\u00fargico. <\/li>\n<li>Un embarazo en curso si el procedimiento no funciona<\/li>\n<li>Sangrado abundante y prolongado<\/li>\n<li>Infecci\u00f3n<\/li>\n<li>Fiebre<\/li>\n<li>S\u00edntomas digestivos como malestar estomacal<\/li>\n<\/ul>\n<h3 data-start=\"1535\" data-end=\"1556\">Aborto quir\u00fargico<\/h3>\n<p data-start=\"1558\" data-end=\"1852\">El <a href=\"https:\/\/www.mayoclinic.org\/tests-procedures\/dilation-and-curettage\/about\/pac-20384910#:~:text=In%20a%20dilation%20and%20curettage%2C%20small%20instruments%20or%20a%20medication%20is%20used%20to%20open%20(dilate)%20the%20lower%2C%20narrow%20part%20of%20your%20uterus%20(cervix).%20Next%2C%20a%20surgical%20instrument%20called%20a%20curette%2C%20which%20can%20be%20a%20sharp%20instrument%20or%20suction%20device%2C%20is%20used%20to%20remove%20uterine%20tissue.\" target=\"_blank\" rel=\"noopener external noreferrer\" data-wpel-link=\"external\">aborto quir\u00fargico<\/a> consiste en extraer el embarazo del \u00fatero utilizando una combinaci\u00f3n de f\u00e1rmacos, instrumentos m\u00e9dicos o succi\u00f3n. El procedimiento espec\u00edfico utilizado depender\u00e1 de lo avanzado que est\u00e9 el embarazo. Despu\u00e9s del procedimiento, es posible que se le controle en una sala de recuperaci\u00f3n durante algunas horas para asegurarse de que no haya complicaciones.  <\/p>\n<p data-start=\"1854\" data-end=\"1965\">Si bien algunas mujeres experimentan calambres leves y sangrado durante algunos d\u00edas despu\u00e9s de la cirug\u00eda, tambi\u00e9n existen <a href=\"https:\/\/www.mayoclinic.org\/tests-procedures\/dilation-and-curettage\/about\/pac-20384910#:~:text=Perforation%20of%20the,C%20is%20rare.\" target=\"_blank\" rel=\"noopener external noreferrer\" data-wpel-link=\"external\">riesgos<\/a>, que incluyen:<\/p>\n<ul class=\"wp-block-list\">\n<li>Perforaci\u00f3n uterina (cuando un instrumento quir\u00fargico hace un agujero en el \u00fatero)<\/li>\n<li>Da\u00f1o al cuello uterino<\/li>\n<li>Tejido cicatricial en la pared uterina (que puede causar per\u00edodos dolorosos e infertilidad)<\/li>\n<li>Infecci\u00f3n<\/li>\n<\/ul>\n<h2 data-start=\"2162\" data-end=\"2184\">Antes de programar un aborto<\/h2>\n<p data-start=\"2186\" data-end=\"2493\">En Cypress Valley Clinic, estamos comprometidos a proporcionar un espacio seguro y sin prejuicios donde pueda explorar todas sus opciones, incluyendo el aborto, la adopci\u00f3n y la crianza de los hijos. Nuestro objetivo es proporcionarle los servicios, los recursos y el apoyo necesarios para tomar la mejor decisi\u00f3n para su salud y su futuro. <\/p>\n<p data-start=\"2495\" data-end=\"2650\" data-is-last-node=\"\" data-is-only-node=\"\">P\u00f3ngase en contacto con nosotros hoy mismo para programar una <a href=\"https:\/\/cypressvalleyclinic.com\/es\/contacto\/\" data-wpel-link=\"internal\">cita<\/a> gratuita y confidencial. Estamos aqu\u00ed para apoyarle con compasi\u00f3n y cuidado mientras navega por esta importante decisi\u00f3n. <\/p>\n<p data-start=\"2495\" data-end=\"2650\" data-is-last-node=\"\" data-is-only-node=\"\"><em>Cypress Valley Clinic no realiza abortos ni deriva a centros abortistas.<\/em><\/p>\n","protected":false},"excerpt":{"rendered":"<p>El aborto es un m\u00e9todo para interrumpir un embarazo. Antes de elegir esta opci\u00f3n, es importante obtener m\u00e1s informaci\u00f3n sobre los procedimientos, los efectos secundarios y los riesgos para su salud, para que pueda tomar una decisi\u00f3n informada. <\/p>\n","protected":false},"author":1,"featured_media":0,"parent":1560,"menu_order":1,"comment_status":"closed","ping_status":"closed","template":"","meta":{"_acf_changed":false,"footnotes":""},"class_list":["post-1585","page","type-page","status-publish","hentry"],"acf":[],"yoast_head":"<!-- This site is optimized with the Yoast SEO plugin v27.6 - https:\/\/yoast.com\/product\/yoast-seo-wordpress\/ -->\n<title>Aborto | Cypress Valley Clinic | Kerrville, TX<\/title>\n<meta name=\"description\" content=\"Read more about Aborto on this page. Cypress Valley Clinic offers free pregnancy services. Contact us to learn more.\" \/>\n<meta name=\"robots\" content=\"index, follow, max-snippet:-1, max-image-preview:large, max-video-preview:-1\" \/>\n<link rel=\"canonical\" href=\"https:\/\/cypressvalleyclinic.com\/es\/opciones\/aborto\/\" \/>\n<meta property=\"og:locale\" content=\"es_ES\" \/>\n<meta property=\"og:type\" content=\"article\" \/>\n<meta property=\"og:title\" content=\"Aborto | Cypress Valley Clinic | Kerrville, TX\" \/>\n<meta property=\"og:description\" content=\"Read more about Aborto on this page. Cypress Valley Clinic offers free pregnancy services. Contact us to learn more.\" \/>\n<meta property=\"og:url\" content=\"https:\/\/cypressvalleyclinic.com\/es\/opciones\/aborto\/\" \/>\n<meta property=\"og:site_name\" content=\"Cypress Valley Clinic\" \/>\n<meta property=\"article:publisher\" content=\"https:\/\/www.facebook.com\/thepregnancyresourcecenter.org\" \/>\n<meta name=\"twitter:card\" content=\"summary_large_image\" \/>\n<meta name=\"twitter:label1\" content=\"Tiempo de lectura\" \/>\n\t<meta name=\"twitter:data1\" content=\"3 minutos\" \/>\n<!-- \/ Yoast SEO plugin. -->","yoast_head_json":{"title":"Aborto | Cypress Valley Clinic | Kerrville, TX","description":"Read more about Aborto on this page. Cypress Valley Clinic offers free pregnancy services. Contact us to learn more.","robots":{"index":"index","follow":"follow","max-snippet":"max-snippet:-1","max-image-preview":"max-image-preview:large","max-video-preview":"max-video-preview:-1"},"canonical":"https:\/\/cypressvalleyclinic.com\/es\/opciones\/aborto\/","og_locale":"es_ES","og_type":"article","og_title":"Aborto | Cypress Valley Clinic | Kerrville, TX","og_description":"Read more about Aborto on this page. Cypress Valley Clinic offers free pregnancy services. Contact us to learn more.","og_url":"https:\/\/cypressvalleyclinic.com\/es\/opciones\/aborto\/","og_site_name":"Cypress Valley Clinic","article_publisher":"https:\/\/www.facebook.com\/thepregnancyresourcecenter.org","twitter_card":"summary_large_image","twitter_misc":{"Tiempo de lectura":"3 minutos"},"schema":{"@context":"https:\/\/schema.org","@graph":[{"@type":"WebPage","@id":"https:\/\/cypressvalleyclinic.com\/es\/opciones\/aborto\/","url":"https:\/\/cypressvalleyclinic.com\/es\/opciones\/aborto\/","name":"Aborto | Cypress Valley Clinic | Kerrville, TX","isPartOf":{"@id":"https:\/\/cypressvalleyclinic.com\/es\/#website"},"datePublished":"2024-09-11T10:59:01+00:00","description":"Read more about Aborto on this page. Cypress Valley Clinic offers free pregnancy services. Contact us to learn more.","breadcrumb":{"@id":"https:\/\/cypressvalleyclinic.com\/es\/opciones\/aborto\/#breadcrumb"},"inLanguage":"es","potentialAction":[{"@type":"ReadAction","target":["https:\/\/cypressvalleyclinic.com\/es\/opciones\/aborto\/"]}]},{"@type":"BreadcrumbList","@id":"https:\/\/cypressvalleyclinic.com\/es\/opciones\/aborto\/#breadcrumb","itemListElement":[{"@type":"ListItem","position":1,"name":"Home","item":"https:\/\/cypressvalleyclinic.com\/es\/"},{"@type":"ListItem","position":2,"name":"Opciones","item":"https:\/\/cypressvalleyclinic.com\/es\/opciones\/"},{"@type":"ListItem","position":3,"name":"Aborto"}]},{"@type":"WebSite","@id":"https:\/\/cypressvalleyclinic.com\/es\/#website","url":"https:\/\/cypressvalleyclinic.com\/es\/","name":"Cypress Valley Clinic","description":"","publisher":{"@id":"https:\/\/cypressvalleyclinic.com\/es\/#organization"},"potentialAction":[{"@type":"SearchAction","target":{"@type":"EntryPoint","urlTemplate":"https:\/\/cypressvalleyclinic.com\/es\/?s={search_term_string}"},"query-input":{"@type":"PropertyValueSpecification","valueRequired":true,"valueName":"search_term_string"}}],"inLanguage":"es"},{"@type":"Organization","@id":"https:\/\/cypressvalleyclinic.com\/es\/#organization","name":"Cl\u00ednica Cypress Valley","url":"https:\/\/cypressvalleyclinic.com\/es\/","logo":{"@type":"ImageObject","inLanguage":"es","@id":"https:\/\/cypressvalleyclinic.com\/es\/#\/schema\/logo\/image\/","url":"https:\/\/cypressvalleyclinic.com\/wp-content\/uploads\/2025\/07\/Cypress-Valley-Clinic-Logo-Full-Color-WEB.png","contentUrl":"https:\/\/cypressvalleyclinic.com\/wp-content\/uploads\/2025\/07\/Cypress-Valley-Clinic-Logo-Full-Color-WEB.png","width":1490,"height":1107,"caption":"Cl\u00ednica Cypress Valley"},"image":{"@id":"https:\/\/cypressvalleyclinic.com\/es\/#\/schema\/logo\/image\/"},"sameAs":["https:\/\/www.facebook.com\/thepregnancyresourcecenter.org","https:\/\/www.instagram.com\/theprckerrville\/"]}]}},"_links":{"self":[{"href":"https:\/\/cypressvalleyclinic.com\/es\/wp-json\/wp\/v2\/pages\/1585","targetHints":{"allow":["GET"]}}],"collection":[{"href":"https:\/\/cypressvalleyclinic.com\/es\/wp-json\/wp\/v2\/pages"}],"about":[{"href":"https:\/\/cypressvalleyclinic.com\/es\/wp-json\/wp\/v2\/types\/page"}],"author":[{"embeddable":true,"href":"https:\/\/cypressvalleyclinic.com\/es\/wp-json\/wp\/v2\/users\/1"}],"replies":[{"embeddable":true,"href":"https:\/\/cypressvalleyclinic.com\/es\/wp-json\/wp\/v2\/comments?post=1585"}],"version-history":[{"count":0,"href":"https:\/\/cypressvalleyclinic.com\/es\/wp-json\/wp\/v2\/pages\/1585\/revisions"}],"up":[{"embeddable":true,"href":"https:\/\/cypressvalleyclinic.com\/es\/wp-json\/wp\/v2\/pages\/1560"}],"wp:attachment":[{"href":"https:\/\/cypressvalleyclinic.com\/es\/wp-json\/wp\/v2\/media?parent=1585"}],"curies":[{"name":"wp","href":"https:\/\/api.w.org\/{rel}","templated":true}]}}