{"id":1589,"date":"2025-06-12T06:52:15","date_gmt":"2025-06-12T06:52:15","guid":{"rendered":"https:\/\/cypressvalleyclinic.com\/para-hombres\/"},"modified":"2025-06-12T06:52:15","modified_gmt":"2025-06-12T06:52:15","slug":"para-hombres","status":"publish","type":"page","link":"https:\/\/cypressvalleyclinic.com\/es\/para-hombres\/","title":{"rendered":"Para hombres"},"content":{"rendered":"<p>En Cypress Valley Clinic, reconocemos que el embarazo afecta a ambos miembros de la pareja y nos comprometemos a apoyarlos mientras navegan juntos por este camino.<\/p>\n<p>Ya sea que se est\u00e9 preparando para la llegada de su hijo o ayudando a su pareja en un momento dif\u00edcil, es esencial comprender su papel y sus responsabilidades. Estamos aqu\u00ed para guiarlo con recursos y apoyo en cada paso del camino. <\/p>\n<h2 data-start=\"471\" data-end=\"507\">C\u00f3mo puede apoyar a su pareja<\/h2>\n<p data-start=\"509\" data-end=\"701\">El embarazo puede ser una monta\u00f1a rusa emocional y f\u00edsica, y su apoyo puede afectar significativamente el bienestar de su pareja. Aqu\u00ed hay algunas formas en que puede brindar apoyo esencial: <\/p>\n<ul data-start=\"703\" data-end=\"1524\">\n<li data-start=\"703\" data-end=\"933\">\n<p data-start=\"705\" data-end=\"933\"><strong data-start=\"705\" data-end=\"720\">Est\u00e9 presente:<\/strong> Una de las cosas m\u00e1s importantes que puede hacer es simplemente estar ah\u00ed para su pareja. Ya sea asistiendo a citas m\u00e9dicas, ofreciendo apoyo emocional o ayudando con tareas f\u00edsicas, su presencia importa. <\/p>\n<\/li>\n<li data-start=\"937\" data-end=\"1144\">\n<p data-start=\"939\" data-end=\"1144\"><strong data-start=\"939\" data-end=\"966\">Escuche y comun\u00edquese:<\/strong> El embarazo puede traer muchos cambios, y su pareja puede tener preguntas, inquietudes o miedos. Escuchar y ofrecer un espacio sin prejuicios para la comunicaci\u00f3n abierta es esencial. <\/p>\n<\/li>\n<li data-start=\"1146\" data-end=\"1333\">\n<p data-start=\"1148\" data-end=\"1333\"><strong data-start=\"1148\" data-end=\"1174\">Ayude con las tareas diarias:<\/strong> El embarazo puede hacer que las tareas diarias sean m\u00e1s desafiantes. Ofrecerse a ayudar con la cocina, la limpieza o hacer mandados proporcionar\u00e1 un alivio muy necesario para su pareja. <\/p>\n<\/li>\n<li data-start=\"1335\" data-end=\"1524\">\n<p data-start=\"1337\" data-end=\"1524\"><strong data-start=\"1337\" data-end=\"1388\">Inf\u00f3rmese sobre el embarazo y la crianza de los hijos:<\/strong> Comprender lo que est\u00e1 pasando su pareja f\u00edsica y emocionalmente le ayuda a ser m\u00e1s emp\u00e1tico y proactivo en su apoyo.<\/p>\n<\/li>\n<\/ul>\n<h2 data-start=\"2024\" data-end=\"2052\">Obtenga el apoyo que necesita<\/h2>\n<p data-start=\"2054\" data-end=\"2369\">Ser una pareja involucrada y solidaria puede afectar significativamente la forma en que evolucionan su relaci\u00f3n y la din\u00e1mica familiar durante el embarazo y m\u00e1s all\u00e1. Cypress Valley Clinic ofrece un espacio seguro y confidencial donde puede aprender, hacer preguntas y obtener los recursos necesarios para ser la mejor pareja y el mejor padre que pueda ser. <\/p>\n<p data-start=\"2371\" data-end=\"2563\" data-is-last-node=\"\" data-is-only-node=\"\"><a href=\"https:\/\/cypressvalleyclinic.com\/es\/contacto\/\" data-wpel-link=\"internal\">Cont\u00e1ctenos<\/a> hoy mismo para obtener m\u00e1s informaci\u00f3n sobre nuestros servicios para hombres dise\u00f1ados para brindarle apoyo.<\/p>\n<div class=\"pointer-events-none h-px w-px\" aria-hidden=\"true\" data-edge=\"true\"><\/div>\n","protected":false},"excerpt":{"rendered":"<p>En Cypress Valley Clinic, reconocemos que el embarazo afecta a ambos miembros de la pareja y nos comprometemos a apoyarlos mientras navegan juntos por este camino. Ya sea que se est\u00e9 preparando para la llegada de su hijo o ayudando a su pareja en un momento dif\u00edcil, es esencial comprender su papel y sus responsabilidades.<\/p>\n","protected":false},"author":1,"featured_media":0,"parent":0,"menu_order":0,"comment_status":"closed","ping_status":"closed","template":"","meta":{"_acf_changed":false,"footnotes":""},"class_list":["post-1589","page","type-page","status-publish","hentry"],"acf":[],"yoast_head":"<!-- This site is optimized with the Yoast SEO plugin v27.5 - https:\/\/yoast.com\/product\/yoast-seo-wordpress\/ -->\n<title>Para hombres | Cypress Valley Clinic | Kerrville, TX<\/title>\n<meta name=\"description\" content=\"Explore los recursos para hombres en esta p\u00e1gina. Cypress Valley Clinic ofrece servicios gratuitos de embarazo. Cont\u00e1ctenos para obtener m\u00e1s informaci\u00f3n.\" \/>\n<meta name=\"robots\" content=\"index, follow, max-snippet:-1, max-image-preview:large, max-video-preview:-1\" \/>\n<link rel=\"canonical\" href=\"https:\/\/cypressvalleyclinic.com\/es\/para-hombres\/\" \/>\n<meta property=\"og:locale\" content=\"es_ES\" \/>\n<meta property=\"og:type\" content=\"article\" \/>\n<meta property=\"og:title\" content=\"Para hombres | Cypress Valley Clinic | Kerrville, TX\" \/>\n<meta property=\"og:description\" content=\"Explore los recursos para hombres en esta p\u00e1gina. Cypress Valley Clinic ofrece servicios gratuitos de embarazo. Cont\u00e1ctenos para obtener m\u00e1s informaci\u00f3n.\" \/>\n<meta property=\"og:url\" content=\"https:\/\/cypressvalleyclinic.com\/es\/para-hombres\/\" \/>\n<meta property=\"og:site_name\" content=\"Cypress Valley Clinic\" \/>\n<meta property=\"article:publisher\" content=\"https:\/\/www.facebook.com\/thepregnancyresourcecenter.org\" \/>\n<meta name=\"twitter:card\" content=\"summary_large_image\" \/>\n<meta name=\"twitter:label1\" content=\"Tiempo de lectura\" \/>\n\t<meta name=\"twitter:data1\" content=\"2 minutos\" \/>\n<!-- \/ Yoast SEO plugin. -->","yoast_head_json":{"title":"Para hombres | Cypress Valley Clinic | Kerrville, TX","description":"Explore los recursos para hombres en esta p\u00e1gina. Cypress Valley Clinic ofrece servicios gratuitos de embarazo. Cont\u00e1ctenos para obtener m\u00e1s informaci\u00f3n.","robots":{"index":"index","follow":"follow","max-snippet":"max-snippet:-1","max-image-preview":"max-image-preview:large","max-video-preview":"max-video-preview:-1"},"canonical":"https:\/\/cypressvalleyclinic.com\/es\/para-hombres\/","og_locale":"es_ES","og_type":"article","og_title":"Para hombres | Cypress Valley Clinic | Kerrville, TX","og_description":"Explore los recursos para hombres en esta p\u00e1gina. Cypress Valley Clinic ofrece servicios gratuitos de embarazo. Cont\u00e1ctenos para obtener m\u00e1s informaci\u00f3n.","og_url":"https:\/\/cypressvalleyclinic.com\/es\/para-hombres\/","og_site_name":"Cypress Valley Clinic","article_publisher":"https:\/\/www.facebook.com\/thepregnancyresourcecenter.org","twitter_card":"summary_large_image","twitter_misc":{"Tiempo de lectura":"2 minutos"},"schema":{"@context":"https:\/\/schema.org","@graph":[{"@type":"WebPage","@id":"https:\/\/cypressvalleyclinic.com\/es\/para-hombres\/","url":"https:\/\/cypressvalleyclinic.com\/es\/para-hombres\/","name":"Para hombres | Cypress Valley Clinic | Kerrville, TX","isPartOf":{"@id":"https:\/\/cypressvalleyclinic.com\/es\/#website"},"datePublished":"2025-06-12T06:52:15+00:00","description":"Explore los recursos para hombres en esta p\u00e1gina. Cypress Valley Clinic ofrece servicios gratuitos de embarazo. Cont\u00e1ctenos para obtener m\u00e1s informaci\u00f3n.","breadcrumb":{"@id":"https:\/\/cypressvalleyclinic.com\/es\/para-hombres\/#breadcrumb"},"inLanguage":"es","potentialAction":[{"@type":"ReadAction","target":["https:\/\/cypressvalleyclinic.com\/es\/para-hombres\/"]}]},{"@type":"BreadcrumbList","@id":"https:\/\/cypressvalleyclinic.com\/es\/para-hombres\/#breadcrumb","itemListElement":[{"@type":"ListItem","position":1,"name":"Home","item":"https:\/\/cypressvalleyclinic.com\/es\/"},{"@type":"ListItem","position":2,"name":"Para hombres"}]},{"@type":"WebSite","@id":"https:\/\/cypressvalleyclinic.com\/es\/#website","url":"https:\/\/cypressvalleyclinic.com\/es\/","name":"Cypress Valley Clinic","description":"","publisher":{"@id":"https:\/\/cypressvalleyclinic.com\/es\/#organization"},"potentialAction":[{"@type":"SearchAction","target":{"@type":"EntryPoint","urlTemplate":"https:\/\/cypressvalleyclinic.com\/es\/?s={search_term_string}"},"query-input":{"@type":"PropertyValueSpecification","valueRequired":true,"valueName":"search_term_string"}}],"inLanguage":"es"},{"@type":"Organization","@id":"https:\/\/cypressvalleyclinic.com\/es\/#organization","name":"Cl\u00ednica Cypress Valley","url":"https:\/\/cypressvalleyclinic.com\/es\/","logo":{"@type":"ImageObject","inLanguage":"es","@id":"https:\/\/cypressvalleyclinic.com\/es\/#\/schema\/logo\/image\/","url":"https:\/\/cypressvalleyclinic.com\/wp-content\/uploads\/2025\/07\/Cypress-Valley-Clinic-Logo-Full-Color-WEB.png","contentUrl":"https:\/\/cypressvalleyclinic.com\/wp-content\/uploads\/2025\/07\/Cypress-Valley-Clinic-Logo-Full-Color-WEB.png","width":1490,"height":1107,"caption":"Cl\u00ednica Cypress Valley"},"image":{"@id":"https:\/\/cypressvalleyclinic.com\/es\/#\/schema\/logo\/image\/"},"sameAs":["https:\/\/www.facebook.com\/thepregnancyresourcecenter.org","https:\/\/www.instagram.com\/theprckerrville\/"]}]}},"_links":{"self":[{"href":"https:\/\/cypressvalleyclinic.com\/es\/wp-json\/wp\/v2\/pages\/1589","targetHints":{"allow":["GET"]}}],"collection":[{"href":"https:\/\/cypressvalleyclinic.com\/es\/wp-json\/wp\/v2\/pages"}],"about":[{"href":"https:\/\/cypressvalleyclinic.com\/es\/wp-json\/wp\/v2\/types\/page"}],"author":[{"embeddable":true,"href":"https:\/\/cypressvalleyclinic.com\/es\/wp-json\/wp\/v2\/users\/1"}],"replies":[{"embeddable":true,"href":"https:\/\/cypressvalleyclinic.com\/es\/wp-json\/wp\/v2\/comments?post=1589"}],"version-history":[{"count":0,"href":"https:\/\/cypressvalleyclinic.com\/es\/wp-json\/wp\/v2\/pages\/1589\/revisions"}],"wp:attachment":[{"href":"https:\/\/cypressvalleyclinic.com\/es\/wp-json\/wp\/v2\/media?parent=1589"}],"curies":[{"name":"wp","href":"https:\/\/api.w.org\/{rel}","templated":true}]}}