{"id":1592,"date":"2024-09-11T11:00:28","date_gmt":"2024-09-11T11:00:28","guid":{"rendered":"https:\/\/cypressvalleyclinic.com\/servicios\/pruebas-de-embarazo\/"},"modified":"2024-09-11T11:00:28","modified_gmt":"2024-09-11T11:00:28","slug":"pruebas-de-embarazo","status":"publish","type":"page","link":"https:\/\/cypressvalleyclinic.com\/es\/servicios\/pruebas-de-embarazo\/","title":{"rendered":"Pruebas de embarazo"},"content":{"rendered":"<p data-start=\"70\" data-end=\"329\">Si tienes un retraso en el per\u00edodo o experimentas s\u00edntomas como fatiga, n\u00e1useas o sensibilidad en los senos, es posible que te preocupe un posible embarazo. El primer paso es realizar una prueba de embarazo, que es clave para comprender tu situaci\u00f3n y saber qu\u00e9 hacer a continuaci\u00f3n. <\/p>\n<p data-start=\"331\" data-end=\"467\">Si bien puede ser estresante, hacerse una prueba es crucial para tu tranquilidad y te ayuda a determinar los siguientes pasos.<\/p>\n<h2 data-start=\"469\" data-end=\"501\">Qu\u00e9 hacen las pruebas de embarazo<\/h2>\n<p data-start=\"503\" data-end=\"763\">Las pruebas de embarazo detectan una hormona llamada <a href=\"https:\/\/my.clevelandclinic.org\/health\/body\/22489-human-chorionic-gonadotropin\" target=\"_blank\" rel=\"noopener external noreferrer\" data-wpel-link=\"external\">gonadotropina cori\u00f3nica humana (hCG)<\/a>. Tu cuerpo produce esta hormona despu\u00e9s de que un \u00f3vulo fecundado se implanta en tu \u00fatero. A medida que avanza el embarazo, los niveles de hCG aumentan r\u00e1pidamente y se pueden detectar tanto en la orina como en la sangre.  <\/p>\n<p data-start=\"765\" data-end=\"870\">Cuando la hCG est\u00e1 presente en la orina, la prueba mostrar\u00e1 un resultado positivo, lo que indica un posible embarazo.<\/p>\n<p data-start=\"872\" data-end=\"1074\">En las primeras etapas del embarazo, los niveles de hCG se duplican cada <a href=\"https:\/\/www.mayoclinic.org\/healthy-lifestyle\/getting-pregnant\/in-depth\/home-pregnancy-tests\/art-20047940#:~:text=During%20early%20pregnancy%2C%20the%20amount%20of%20HCG%20in%20blood%20and%20urine%20rises%20quickly%20%E2%80%94%20doubling%20every%202%20to%203%20days.\" target=\"_blank\" rel=\"noopener external noreferrer\" data-wpel-link=\"external\">2 o 3 d\u00edas<\/a>. Para obtener los resultados m\u00e1s precisos, los expertos recomiendan esperar hasta despu\u00e9s del retraso en el per\u00edodo para asegurarse de que la hCG haya alcanzado niveles detectables. <\/p>\n<h2 data-start=\"1076\" data-end=\"1114\">\u00bfSon precisas las pruebas caseras?<\/h2>\n<p data-start=\"1116\" data-end=\"1235\">Cuando se usan correctamente, la mayor\u00eda de las pruebas de embarazo caseras son fiables. Sin embargo, para obtener los <a href=\"https:\/\/www.mayoclinic.org\/healthy-lifestyle\/getting-pregnant\/in-depth\/home-pregnancy-tests\/art-20047940#:~:text=A%20false%2Dpositive%20might,HCG%20easier%20to%20find.\" target=\"_blank\" rel=\"noopener external noreferrer\" data-wpel-link=\"external\">resultados m\u00e1s precisos<\/a>, es esencial: <\/p>\n<ul>\n<li data-start=\"1239\" data-end=\"1269\">Asegurarse de que la prueba no haya caducado<\/li>\n<li data-start=\"1239\" data-end=\"1269\">Leer y seguir cuidadosamente las instrucciones<\/li>\n<li data-start=\"1239\" data-end=\"1269\">Hacerse la prueba despu\u00e9s del primer d\u00eda del retraso en el per\u00edodo<\/li>\n<li data-start=\"1239\" data-end=\"1269\">Hacerse la prueba al despertarse por la ma\u00f1ana<\/li>\n<li data-start=\"1239\" data-end=\"1269\">Esperar el tiempo recomendado antes de verificar los resultados<\/li>\n<\/ul>\n<p data-start=\"1498\" data-end=\"1669\">Incluso con estas precauciones, a\u00fan es posible obtener un falso negativo o resultados poco claros, especialmente si te haces la prueba demasiado pronto o interpretas mal las instrucciones.<\/p>\n<h2 data-start=\"1671\" data-end=\"1708\">Pruebas de embarazo con calidad de laboratorio<\/h2>\n<p data-start=\"1710\" data-end=\"1970\">Cypress Valley Clinic ofrece pruebas de embarazo gratuitas y confidenciales con calidad de laboratorio en un entorno afectuoso y sin prejuicios. Obt\u00e9n resultados en los que puedas confiar con nuestras pruebas. Nuestro equipo est\u00e1 aqu\u00ed para brindarte informaci\u00f3n precisa, responder tus preguntas y apoyarte mientras tomas decisiones sobre tu embarazo.  <\/p>\n<h2 data-start=\"1972\" data-end=\"2010\">Concertar una cita<\/h2>\n<p data-start=\"2012\" data-end=\"2318\" data-is-last-node=\"\" data-is-only-node=\"\"><a href=\"https:\/\/cypressvalleyclinic.com\/es\/contacto\/\" data-wpel-link=\"internal\">Programa<\/a> hoy mismo tu cita gratuita y confidencial para una prueba de embarazo en Cypress Valley Clinic para realizarte una prueba con calidad de laboratorio y hablar con nuestro equipo compasivo sobre tus circunstancias y necesidades particulares.<\/p>\n<p data-start=\"2012\" data-end=\"2318\" data-is-last-node=\"\" data-is-only-node=\"\">Estamos aqu\u00ed para brindarte informaci\u00f3n, apoyo y un espacio seguro para que consideres tus pr\u00f3ximos pasos.<\/p>\n<div class=\"absolute\">\n<div class=\"flex items-center justify-center\"><\/div>\n<\/div>\n<div class=\"pointer-events-none h-px w-px\" aria-hidden=\"true\" data-edge=\"true\"><\/div>\n","protected":false},"excerpt":{"rendered":"<p>El primer paso es realizar una prueba de embarazo, que es clave para comprender tu situaci\u00f3n y saber qu\u00e9 hacer a continuaci\u00f3n. Ofrecemos pruebas de embarazo con calidad de laboratorio para que puedas obtener resultados precisos. <\/p>\n","protected":false},"author":1,"featured_media":0,"parent":1567,"menu_order":1,"comment_status":"closed","ping_status":"closed","template":"","meta":{"_acf_changed":false,"footnotes":""},"class_list":["post-1592","page","type-page","status-publish","hentry"],"acf":[],"yoast_head":"<!-- This site is optimized with the Yoast SEO plugin v27.6 - https:\/\/yoast.com\/product\/yoast-seo-wordpress\/ -->\n<title>Pruebas de embarazo | Cypress Valley Clinic | Kerrville, TX<\/title>\n<meta name=\"description\" content=\"Read more about Pruebas de embarazo on this page. Cypress Valley Clinic offers free pregnancy services. Contact us to learn more.\" \/>\n<meta name=\"robots\" content=\"index, follow, max-snippet:-1, max-image-preview:large, max-video-preview:-1\" \/>\n<link rel=\"canonical\" href=\"https:\/\/cypressvalleyclinic.com\/es\/servicios\/pruebas-de-embarazo\/\" \/>\n<meta property=\"og:locale\" content=\"es_ES\" \/>\n<meta property=\"og:type\" content=\"article\" \/>\n<meta property=\"og:title\" content=\"Pruebas de embarazo | Cypress Valley Clinic | Kerrville, TX\" \/>\n<meta property=\"og:description\" content=\"Read more about Pruebas de embarazo on this page. Cypress Valley Clinic offers free pregnancy services. Contact us to learn more.\" \/>\n<meta property=\"og:url\" content=\"https:\/\/cypressvalleyclinic.com\/es\/servicios\/pruebas-de-embarazo\/\" \/>\n<meta property=\"og:site_name\" content=\"Cypress Valley Clinic\" \/>\n<meta property=\"article:publisher\" content=\"https:\/\/www.facebook.com\/thepregnancyresourcecenter.org\" \/>\n<meta name=\"twitter:card\" content=\"summary_large_image\" \/>\n<meta name=\"twitter:label1\" content=\"Tiempo de lectura\" \/>\n\t<meta name=\"twitter:data1\" content=\"2 minutos\" \/>\n<!-- \/ Yoast SEO plugin. -->","yoast_head_json":{"title":"Pruebas de embarazo | Cypress Valley Clinic | Kerrville, TX","description":"Read more about Pruebas de embarazo on this page. Cypress Valley Clinic offers free pregnancy services. Contact us to learn more.","robots":{"index":"index","follow":"follow","max-snippet":"max-snippet:-1","max-image-preview":"max-image-preview:large","max-video-preview":"max-video-preview:-1"},"canonical":"https:\/\/cypressvalleyclinic.com\/es\/servicios\/pruebas-de-embarazo\/","og_locale":"es_ES","og_type":"article","og_title":"Pruebas de embarazo | Cypress Valley Clinic | Kerrville, TX","og_description":"Read more about Pruebas de embarazo on this page. Cypress Valley Clinic offers free pregnancy services. Contact us to learn more.","og_url":"https:\/\/cypressvalleyclinic.com\/es\/servicios\/pruebas-de-embarazo\/","og_site_name":"Cypress Valley Clinic","article_publisher":"https:\/\/www.facebook.com\/thepregnancyresourcecenter.org","twitter_card":"summary_large_image","twitter_misc":{"Tiempo de lectura":"2 minutos"},"schema":{"@context":"https:\/\/schema.org","@graph":[{"@type":"WebPage","@id":"https:\/\/cypressvalleyclinic.com\/es\/servicios\/pruebas-de-embarazo\/","url":"https:\/\/cypressvalleyclinic.com\/es\/servicios\/pruebas-de-embarazo\/","name":"Pruebas de embarazo | Cypress Valley Clinic | Kerrville, TX","isPartOf":{"@id":"https:\/\/cypressvalleyclinic.com\/es\/#website"},"datePublished":"2024-09-11T11:00:28+00:00","description":"Read more about Pruebas de embarazo on this page. Cypress Valley Clinic offers free pregnancy services. Contact us to learn more.","breadcrumb":{"@id":"https:\/\/cypressvalleyclinic.com\/es\/servicios\/pruebas-de-embarazo\/#breadcrumb"},"inLanguage":"es","potentialAction":[{"@type":"ReadAction","target":["https:\/\/cypressvalleyclinic.com\/es\/servicios\/pruebas-de-embarazo\/"]}]},{"@type":"BreadcrumbList","@id":"https:\/\/cypressvalleyclinic.com\/es\/servicios\/pruebas-de-embarazo\/#breadcrumb","itemListElement":[{"@type":"ListItem","position":1,"name":"Home","item":"https:\/\/cypressvalleyclinic.com\/es\/"},{"@type":"ListItem","position":2,"name":"Servicios","item":"https:\/\/cypressvalleyclinic.com\/es\/servicios\/"},{"@type":"ListItem","position":3,"name":"Pruebas de embarazo"}]},{"@type":"WebSite","@id":"https:\/\/cypressvalleyclinic.com\/es\/#website","url":"https:\/\/cypressvalleyclinic.com\/es\/","name":"Cypress Valley Clinic","description":"","publisher":{"@id":"https:\/\/cypressvalleyclinic.com\/es\/#organization"},"potentialAction":[{"@type":"SearchAction","target":{"@type":"EntryPoint","urlTemplate":"https:\/\/cypressvalleyclinic.com\/es\/?s={search_term_string}"},"query-input":{"@type":"PropertyValueSpecification","valueRequired":true,"valueName":"search_term_string"}}],"inLanguage":"es"},{"@type":"Organization","@id":"https:\/\/cypressvalleyclinic.com\/es\/#organization","name":"Cl\u00ednica Cypress Valley","url":"https:\/\/cypressvalleyclinic.com\/es\/","logo":{"@type":"ImageObject","inLanguage":"es","@id":"https:\/\/cypressvalleyclinic.com\/es\/#\/schema\/logo\/image\/","url":"https:\/\/cypressvalleyclinic.com\/wp-content\/uploads\/2025\/07\/Cypress-Valley-Clinic-Logo-Full-Color-WEB.png","contentUrl":"https:\/\/cypressvalleyclinic.com\/wp-content\/uploads\/2025\/07\/Cypress-Valley-Clinic-Logo-Full-Color-WEB.png","width":1490,"height":1107,"caption":"Cl\u00ednica Cypress Valley"},"image":{"@id":"https:\/\/cypressvalleyclinic.com\/es\/#\/schema\/logo\/image\/"},"sameAs":["https:\/\/www.facebook.com\/thepregnancyresourcecenter.org","https:\/\/www.instagram.com\/theprckerrville\/"]}]}},"_links":{"self":[{"href":"https:\/\/cypressvalleyclinic.com\/es\/wp-json\/wp\/v2\/pages\/1592","targetHints":{"allow":["GET"]}}],"collection":[{"href":"https:\/\/cypressvalleyclinic.com\/es\/wp-json\/wp\/v2\/pages"}],"about":[{"href":"https:\/\/cypressvalleyclinic.com\/es\/wp-json\/wp\/v2\/types\/page"}],"author":[{"embeddable":true,"href":"https:\/\/cypressvalleyclinic.com\/es\/wp-json\/wp\/v2\/users\/1"}],"replies":[{"embeddable":true,"href":"https:\/\/cypressvalleyclinic.com\/es\/wp-json\/wp\/v2\/comments?post=1592"}],"version-history":[{"count":0,"href":"https:\/\/cypressvalleyclinic.com\/es\/wp-json\/wp\/v2\/pages\/1592\/revisions"}],"up":[{"embeddable":true,"href":"https:\/\/cypressvalleyclinic.com\/es\/wp-json\/wp\/v2\/pages\/1567"}],"wp:attachment":[{"href":"https:\/\/cypressvalleyclinic.com\/es\/wp-json\/wp\/v2\/media?parent=1592"}],"curies":[{"name":"wp","href":"https:\/\/api.w.org\/{rel}","templated":true}]}}