{"id":1593,"date":"2025-06-12T06:56:40","date_gmt":"2025-06-12T06:56:40","guid":{"rendered":"https:\/\/cypressvalleyclinic.com\/servicios\/reversion-de-la-pildora-abortiva\/"},"modified":"2025-06-12T06:56:40","modified_gmt":"2025-06-12T06:56:40","slug":"reversion-de-la-pildora-abortiva","status":"publish","type":"page","link":"https:\/\/cypressvalleyclinic.com\/es\/servicios\/reversion-de-la-pildora-abortiva\/","title":{"rendered":"Reversi\u00f3n de la p\u00edldora abortiva"},"content":{"rendered":"<p data-start=\"66\" data-end=\"344\">Si ha tomado la primera p\u00edldora abortiva, mifepristona, y se lo est\u00e1 repensando, a\u00fan puede haber una opci\u00f3n para revertir sus efectos. El tiempo es crucial, pero la Reversi\u00f3n de la P\u00edldora Abortiva (APR) podr\u00eda ayudar, y estamos aqu\u00ed para ayudarle a trav\u00e9s de este proceso en Cypress Valley Clinic. <\/p>\n<p data-start=\"346\" data-end=\"514\">Si ha tomado mifepristona y desea revertir los efectos, no espere, cont\u00e1ctenos hoy mismo. Ofrecemos apoyo gratuito y confidencial para ayudarle a seguir adelante con confianza. <\/p>\n<h2 data-start=\"516\" data-end=\"557\">\u00bfC\u00f3mo funciona la reversi\u00f3n de la p\u00edldora abortiva?<\/h2>\n<p data-start=\"559\" data-end=\"839\">La mifepristona es el primero de los dos f\u00e1rmacos que se utilizan normalmente en un aborto m\u00e9dico. Bloquea la progesterona, una hormona que su cuerpo necesita para mantener un embarazo. Sin progesterona, el revestimiento del \u00fatero comienza a adelgazarse y el embarazo puede desprenderse, provocando su finalizaci\u00f3n.  <\/p>\n<p data-start=\"841\" data-end=\"1074\"><a href=\"https:\/\/abortionpillreversal.com\/abortion-pill-reversal\/faq#:~:text=By%20giving%20extra%20progesterone%2C%20we%20hope%20to%20outnumber%20and%20outcompete%20the%20first%20abortion%20pill%20in%20order%20to%20reverse%20the%20effects%20and%20provide%20an%20opportunity%20to%20save%20the%20pregnancy.\" target=\"_blank\" rel=\"noopener external noreferrer\" data-wpel-link=\"external\">La Reversi\u00f3n de la P\u00edldora Abortiva (APR)<\/a> funciona proporcionando a su cuerpo progesterona adicional, contrarrestando esencialmente los efectos de la mifepristona y animando a que el revestimiento uterino permanezca intacto. Esto puede dar a su embarazo la oportunidad de continuar. <\/p>\n<h2 data-start=\"1076\" data-end=\"1116\">\u00bfEs eficaz la reversi\u00f3n de la p\u00edldora abortiva?<\/h2>\n<p data-start=\"1118\" data-end=\"1341\">Los estudios demuestran que la APR es eficaz <a href=\"https:\/\/pubmed.ncbi.nlm.nih.gov\/30831017\/\" target=\"_blank\" rel=\"noopener external noreferrer\" data-wpel-link=\"external\">en el 64-68%<\/a> de los casos, pero cuanto antes act\u00fae, mayores ser\u00e1n sus posibilidades de \u00e9xito. Debe comenzar la APR dentro de las 24 horas siguientes a la toma de mifepristona para obtener los mejores resultados. <\/p>\n<h2 data-start=\"1343\" data-end=\"1410\">\u00bfQu\u00e9 ocurre si han pasado m\u00e1s de 24 horas?<\/h2>\n<p data-start=\"1412\" data-end=\"1657\">Aunque la APR es m\u00e1s eficaz dentro de las 24 horas siguientes a la toma de la primera p\u00edldora abortiva, todav\u00eda hay esperanza si ha pasado m\u00e1s tiempo. Ha habido casos de \u00e9xito dentro de las 72 horas siguientes a la toma de mifepristona. No lo dude, todav\u00eda hay tiempo para actuar.  <\/p>\n<h2 data-start=\"1659\" data-end=\"1722\">Encuentre la APR con nosotros<\/h2>\n<p data-start=\"1724\" data-end=\"2006\">Si se arrepiente de su decisi\u00f3n de tomar la p\u00edldora abortiva, la APR puede revertir sus efectos y ayudar a continuar su embarazo. En Cypress Valley Clinic, no solo ofrecemos la reversi\u00f3n de la p\u00edldora abortiva, sino que tambi\u00e9n proporcionamos apoyo continuo y gratuito durante todo su embarazo. <\/p>\n<p data-start=\"2008\" data-end=\"2097\">No tiene que pasar por esto sola. Estamos aqu\u00ed para apoyarle en este momento dif\u00edcil. <\/p>\n<p data-start=\"2099\" data-end=\"2196\" data-is-last-node=\"\" data-is-only-node=\"\">El tiempo es esencial. <a href=\"https:\/\/cypressvalleyclinic.com\/es\/contacto\/\" data-wpel-link=\"internal\">P\u00f3ngase en contacto con nosotros<\/a> ahora para explorar sus opciones y comenzar el proceso de reversi\u00f3n hoy mismo.<\/p>\n","protected":false},"excerpt":{"rendered":"<p>Si se arrepiente de su decisi\u00f3n de tomar la p\u00edldora abortiva, la APR puede revertir sus efectos y ayudar a continuar su embarazo. Obtenga m\u00e1s informaci\u00f3n sobre los tratamientos de APR. <\/p>\n","protected":false},"author":1,"featured_media":0,"parent":1567,"menu_order":4,"comment_status":"closed","ping_status":"closed","template":"","meta":{"_acf_changed":false,"footnotes":""},"class_list":["post-1593","page","type-page","status-publish","hentry"],"acf":[],"yoast_head":"<!-- This site is optimized with the Yoast SEO plugin v27.5 - https:\/\/yoast.com\/product\/yoast-seo-wordpress\/ -->\n<title>Reversi\u00f3n de la p\u00edldora abortiva | Cypress Valley Clinic | Kerrville, TX<\/title>\n<meta name=\"description\" content=\"Read more about Reversi\u00f3n de la p\u00edldora abortiva on this page. Cypress Valley Clinic offers free pregnancy services. Contact us to learn more.\" \/>\n<meta name=\"robots\" content=\"index, follow, max-snippet:-1, max-image-preview:large, max-video-preview:-1\" \/>\n<link rel=\"canonical\" href=\"https:\/\/cypressvalleyclinic.com\/es\/servicios\/reversion-de-la-pildora-abortiva\/\" \/>\n<meta property=\"og:locale\" content=\"es_ES\" \/>\n<meta property=\"og:type\" content=\"article\" \/>\n<meta property=\"og:title\" content=\"Reversi\u00f3n de la p\u00edldora abortiva | Cypress Valley Clinic | Kerrville, TX\" \/>\n<meta property=\"og:description\" content=\"Read more about Reversi\u00f3n de la p\u00edldora abortiva on this page. Cypress Valley Clinic offers free pregnancy services. Contact us to learn more.\" \/>\n<meta property=\"og:url\" content=\"https:\/\/cypressvalleyclinic.com\/es\/servicios\/reversion-de-la-pildora-abortiva\/\" \/>\n<meta property=\"og:site_name\" content=\"Cypress Valley Clinic\" \/>\n<meta property=\"article:publisher\" content=\"https:\/\/www.facebook.com\/thepregnancyresourcecenter.org\" \/>\n<meta name=\"twitter:card\" content=\"summary_large_image\" \/>\n<meta name=\"twitter:label1\" content=\"Tiempo de lectura\" \/>\n\t<meta name=\"twitter:data1\" content=\"2 minutos\" \/>\n<!-- \/ Yoast SEO plugin. -->","yoast_head_json":{"title":"Reversi\u00f3n de la p\u00edldora abortiva | Cypress Valley Clinic | Kerrville, TX","description":"Read more about Reversi\u00f3n de la p\u00edldora abortiva on this page. Cypress Valley Clinic offers free pregnancy services. Contact us to learn more.","robots":{"index":"index","follow":"follow","max-snippet":"max-snippet:-1","max-image-preview":"max-image-preview:large","max-video-preview":"max-video-preview:-1"},"canonical":"https:\/\/cypressvalleyclinic.com\/es\/servicios\/reversion-de-la-pildora-abortiva\/","og_locale":"es_ES","og_type":"article","og_title":"Reversi\u00f3n de la p\u00edldora abortiva | Cypress Valley Clinic | Kerrville, TX","og_description":"Read more about Reversi\u00f3n de la p\u00edldora abortiva on this page. Cypress Valley Clinic offers free pregnancy services. Contact us to learn more.","og_url":"https:\/\/cypressvalleyclinic.com\/es\/servicios\/reversion-de-la-pildora-abortiva\/","og_site_name":"Cypress Valley Clinic","article_publisher":"https:\/\/www.facebook.com\/thepregnancyresourcecenter.org","twitter_card":"summary_large_image","twitter_misc":{"Tiempo de lectura":"2 minutos"},"schema":{"@context":"https:\/\/schema.org","@graph":[{"@type":"WebPage","@id":"https:\/\/cypressvalleyclinic.com\/es\/servicios\/reversion-de-la-pildora-abortiva\/","url":"https:\/\/cypressvalleyclinic.com\/es\/servicios\/reversion-de-la-pildora-abortiva\/","name":"Reversi\u00f3n de la p\u00edldora abortiva | Cypress Valley Clinic | Kerrville, TX","isPartOf":{"@id":"https:\/\/cypressvalleyclinic.com\/es\/#website"},"datePublished":"2025-06-12T06:56:40+00:00","description":"Read more about Reversi\u00f3n de la p\u00edldora abortiva on this page. Cypress Valley Clinic offers free pregnancy services. Contact us to learn more.","breadcrumb":{"@id":"https:\/\/cypressvalleyclinic.com\/es\/servicios\/reversion-de-la-pildora-abortiva\/#breadcrumb"},"inLanguage":"es","potentialAction":[{"@type":"ReadAction","target":["https:\/\/cypressvalleyclinic.com\/es\/servicios\/reversion-de-la-pildora-abortiva\/"]}]},{"@type":"BreadcrumbList","@id":"https:\/\/cypressvalleyclinic.com\/es\/servicios\/reversion-de-la-pildora-abortiva\/#breadcrumb","itemListElement":[{"@type":"ListItem","position":1,"name":"Home","item":"https:\/\/cypressvalleyclinic.com\/es\/"},{"@type":"ListItem","position":2,"name":"Servicios","item":"https:\/\/cypressvalleyclinic.com\/es\/servicios\/"},{"@type":"ListItem","position":3,"name":"Reversi\u00f3n de la p\u00edldora abortiva"}]},{"@type":"WebSite","@id":"https:\/\/cypressvalleyclinic.com\/es\/#website","url":"https:\/\/cypressvalleyclinic.com\/es\/","name":"Cypress Valley Clinic","description":"","publisher":{"@id":"https:\/\/cypressvalleyclinic.com\/es\/#organization"},"potentialAction":[{"@type":"SearchAction","target":{"@type":"EntryPoint","urlTemplate":"https:\/\/cypressvalleyclinic.com\/es\/?s={search_term_string}"},"query-input":{"@type":"PropertyValueSpecification","valueRequired":true,"valueName":"search_term_string"}}],"inLanguage":"es"},{"@type":"Organization","@id":"https:\/\/cypressvalleyclinic.com\/es\/#organization","name":"Cl\u00ednica Cypress Valley","url":"https:\/\/cypressvalleyclinic.com\/es\/","logo":{"@type":"ImageObject","inLanguage":"es","@id":"https:\/\/cypressvalleyclinic.com\/es\/#\/schema\/logo\/image\/","url":"https:\/\/cypressvalleyclinic.com\/wp-content\/uploads\/2025\/07\/Cypress-Valley-Clinic-Logo-Full-Color-WEB.png","contentUrl":"https:\/\/cypressvalleyclinic.com\/wp-content\/uploads\/2025\/07\/Cypress-Valley-Clinic-Logo-Full-Color-WEB.png","width":1490,"height":1107,"caption":"Cl\u00ednica Cypress Valley"},"image":{"@id":"https:\/\/cypressvalleyclinic.com\/es\/#\/schema\/logo\/image\/"},"sameAs":["https:\/\/www.facebook.com\/thepregnancyresourcecenter.org","https:\/\/www.instagram.com\/theprckerrville\/"]}]}},"_links":{"self":[{"href":"https:\/\/cypressvalleyclinic.com\/es\/wp-json\/wp\/v2\/pages\/1593","targetHints":{"allow":["GET"]}}],"collection":[{"href":"https:\/\/cypressvalleyclinic.com\/es\/wp-json\/wp\/v2\/pages"}],"about":[{"href":"https:\/\/cypressvalleyclinic.com\/es\/wp-json\/wp\/v2\/types\/page"}],"author":[{"embeddable":true,"href":"https:\/\/cypressvalleyclinic.com\/es\/wp-json\/wp\/v2\/users\/1"}],"replies":[{"embeddable":true,"href":"https:\/\/cypressvalleyclinic.com\/es\/wp-json\/wp\/v2\/comments?post=1593"}],"version-history":[{"count":0,"href":"https:\/\/cypressvalleyclinic.com\/es\/wp-json\/wp\/v2\/pages\/1593\/revisions"}],"up":[{"embeddable":true,"href":"https:\/\/cypressvalleyclinic.com\/es\/wp-json\/wp\/v2\/pages\/1567"}],"wp:attachment":[{"href":"https:\/\/cypressvalleyclinic.com\/es\/wp-json\/wp\/v2\/media?parent=1593"}],"curies":[{"name":"wp","href":"https:\/\/api.w.org\/{rel}","templated":true}]}}