{"id":1595,"date":"2025-06-12T06:55:17","date_gmt":"2025-06-12T06:55:17","guid":{"rendered":"https:\/\/cypressvalleyclinic.com\/servicios\/pruebas-tratamiento-de-its\/"},"modified":"2025-06-12T06:55:17","modified_gmt":"2025-06-12T06:55:17","slug":"pruebas-tratamiento-de-its","status":"publish","type":"page","link":"https:\/\/cypressvalleyclinic.com\/es\/servicios\/pruebas-tratamiento-de-its\/","title":{"rendered":"Pruebas\/tratamiento de ITS"},"content":{"rendered":"<p data-start=\"82\" data-end=\"518\">Las infecciones de transmisi\u00f3n sexual (ITS) son m\u00e1s comunes de lo que muchos creen y pueden afectar a cualquier persona sexualmente activa. Seg\u00fan la <a href=\"https:\/\/www.who.int\/news-room\/fact-sheets\/detail\/sexually-transmitted-infections-(stis)\" target=\"_blank\" rel=\"noopener external noreferrer\" data-wpel-link=\"external\">Organizaci\u00f3n Mundial de la Salud<\/a>, m\u00e1s de 1 mill\u00f3n de personas contraen una ITS cada d\u00eda en todo el mundo. <\/p>\n<p data-start=\"82\" data-end=\"518\">Muchas de estas infecciones no presentan ning\u00fan s\u00edntoma. De hecho, muchas personas con ITS pueden ni siquiera saber que las tienen, por lo que las pruebas peri\u00f3dicas son importantes tanto para su salud como para la de sus parejas. <\/p>\n<p data-start=\"520\" data-end=\"702\">Si le preocupa tener una ITS, hacerse la prueba es la \u00fanica manera de saberlo con certeza. Es vital ser proactivo con su salud y hacerse pruebas peri\u00f3dicamente para su tranquilidad. <\/p>\n<h2 data-start=\"704\" data-end=\"722\">\u00bfQu\u00e9 son las ITS?<\/h2>\n<p data-start=\"724\" data-end=\"1086\">Las <a href=\"https:\/\/my.clevelandclinic.org\/health\/diseases\/9138-sexually-transmitted-diseases--infections-stds--stis\" data-wpel-link=\"external\" rel=\"external noopener noreferrer\">ITS<\/a>, tambi\u00e9n llamadas enfermedades de transmisi\u00f3n sexual (ETS), son infecciones que se propagan a trav\u00e9s del contacto sexual, incluido el sexo vaginal, anal y oral.<\/p>\n<p data-start=\"724\" data-end=\"1086\">Est\u00e1n causadas por bacterias, virus y par\u00e1sitos. Algunas ITS, como el herpes y el VPH, tambi\u00e9n pueden transmitirse por contacto piel con piel. Existen m\u00e1s de 20 tipos de ITS; las m\u00e1s comunes son:  <\/p>\n<ul>\n<li data-start=\"1090\" data-end=\"1099\">Clamidia<\/li>\n<li data-start=\"1090\" data-end=\"1099\">Gonorrea<\/li>\n<li data-start=\"1090\" data-end=\"1099\">VIH\/SIDA<\/li>\n<li data-start=\"1090\" data-end=\"1099\">Tricomoniasis<\/li>\n<li data-start=\"1090\" data-end=\"1099\">Hepatitis a, b y c<\/li>\n<li data-start=\"1090\" data-end=\"1099\">S\u00edfilis<\/li>\n<\/ul>\n<p data-start=\"1174\" data-end=\"1357\">Si cree que puede haber estado expuesto a una ITS, es importante que se haga la prueba. El diagn\u00f3stico precoz puede ayudar a prevenir problemas de salud a largo plazo y reducir el riesgo de transmisi\u00f3n a otras personas. <\/p>\n<h2 data-start=\"1359\" data-end=\"1386\">S\u00edntomas de las ITS<\/h2>\n<p data-start=\"1388\" data-end=\"1531\">Muchas ITS no muestran <span style=\"margin: 0px; padding: 0px;\"><a href=\"https:\/\/my.clevelandclinic.org\/health\/diseases\/9138-sexually-transmitted-diseases--infections-stds--stis#:~:text=Some%20STIs%20are%20asymptomatic%2C%20meaning%20you%20may%20not%20have%20any%20symptoms.\" target=\"_blank\" rel=\"noopener external noreferrer\" data-wpel-link=\"external\">s\u00edntomas evidentes<\/a>, por lo que<\/span> las pruebas peri\u00f3dicas son clave. Si aparecen s\u00edntomas, pueden variar, pero los <a href=\"https:\/\/www.mayoclinic.org\/diseases-conditions\/sexually-transmitted-diseases-stds\/symptoms-causes\/syc-20351240#:~:text=STI%20symptoms%20might,hands%20or%20feet.\" data-wpel-link=\"external\" rel=\"external noopener noreferrer\">signos<\/a> t\u00edpicos incluyen: <\/p>\n<ul>\n<li data-start=\"1535\" data-end=\"1577\">Secreci\u00f3n inusual del pene o la vagina<\/li>\n<li data-start=\"1535\" data-end=\"1577\">Llagas, verrugas o ampollas en la zona genital o en la boca<\/li>\n<li data-start=\"1535\" data-end=\"1577\">Micci\u00f3n dolorosa o frecuente<\/li>\n<li data-start=\"1535\" data-end=\"1577\">Picor o enrojecimiento en la zona genital<\/li>\n<li data-start=\"1535\" data-end=\"1577\">Olor vaginal anormal<\/li>\n<li data-start=\"1535\" data-end=\"1577\">Dolor o sangrado alrededor del ano<\/li>\n<li data-start=\"1535\" data-end=\"1577\">Relaciones sexuales dolorosas<\/li>\n<\/ul>\n<p data-start=\"1801\" data-end=\"1985\">Incluso si no tiene s\u00edntomas, hacerse la prueba garantiza que no transmita sin saberlo una infecci\u00f3n a otras personas y puede detectar cualquier problema potencial de forma temprana antes de que cause da\u00f1os a largo plazo.<\/p>\n<h2 data-start=\"1987\" data-end=\"2019\">Pruebas de ITS durante el embarazo<\/h2>\n<p data-start=\"2021\" data-end=\"2441\">Si est\u00e1 embarazada, es fundamental que se haga la prueba de ITS. Algunas infecciones pueden transmitirse de madre a hijo durante el embarazo, el parto o la lactancia. <\/p>\n<p data-start=\"2021\" data-end=\"2441\">Las ITS durante el embarazo pueden provocar complicaciones, como parto prematuro o graves problemas de salud para el beb\u00e9, algunos de los cuales pueden no detectarse hasta despu\u00e9s del nacimiento.<\/p>\n<p data-start=\"2021\" data-end=\"2441\">Las pruebas pueden ayudar a garantizar tanto su salud como la de su hijo en desarrollo.<\/p>\n<h2 data-start=\"2443\" data-end=\"2467\">Servicio de ETS confidencial<\/h2>\n<p data-start=\"2469\" data-end=\"2867\">Cypress Valley Clinic se dedica a proporcionar servicios confidenciales de alta calidad en un entorno atento y sin prejuicios. Entendemos lo importante que es su confidencialidad y estamos aqu\u00ed para apoyarle con opciones de pruebas y tratamiento discretas. <\/p>\n<p data-start=\"2469\" data-end=\"2867\">Ignorar los posibles signos de una ITS puede acarrear consecuencias de por vida tanto para su salud como para la de su(s) pareja(s), por lo que es esencial tomar medidas.<\/p>\n<h2 data-start=\"2869\" data-end=\"2889\">H\u00e1gase la prueba hoy mismo<\/h2>\n<p data-start=\"2891\" data-end=\"3169\">Si cree que puede estar en riesgo de contraer una ITS o est\u00e1 experimentando s\u00edntomas, no espere. Programe hoy mismo una cita gratuita y confidencial para la prueba de ITS en Cypress Valley Clinic. Estamos aqu\u00ed para proporcionarle la atenci\u00f3n y el apoyo que necesita y ayudarle a tomar la mejor decisi\u00f3n para su salud.  <\/p>\n<p data-start=\"3171\" data-end=\"3242\" data-is-last-node=\"\" data-is-only-node=\"\"><a href=\"https:\/\/cypressvalleyclinic.com\/es\/contacto\/\" data-wpel-link=\"internal\">P\u00f3ngase en contacto con nosotros<\/a> ahora para programar su cita. Su salud nos importa. <\/p>\n","protected":false},"excerpt":{"rendered":"<p>Si le preocupa tener una ITS, hacerse la prueba es la \u00fanica manera de saberlo con certeza. Es importante ser proactivo con su salud y hacerse pruebas peri\u00f3dicamente.  <\/p>\n","protected":false},"author":1,"featured_media":0,"parent":1567,"menu_order":3,"comment_status":"closed","ping_status":"closed","template":"","meta":{"_acf_changed":false,"footnotes":""},"class_list":["post-1595","page","type-page","status-publish","hentry"],"acf":[],"yoast_head":"<!-- This site is optimized with the Yoast SEO plugin v27.5 - https:\/\/yoast.com\/product\/yoast-seo-wordpress\/ -->\n<title>Pruebas\/tratamiento de ITS | Cypress Valley Clinic | Kerrville, TX<\/title>\n<meta name=\"description\" content=\"Read more about Pruebas\/tratamiento de ITS on this page. Cypress Valley Clinic offers free pregnancy services. Contact us to learn more.\" \/>\n<meta name=\"robots\" content=\"index, follow, max-snippet:-1, max-image-preview:large, max-video-preview:-1\" \/>\n<link rel=\"canonical\" href=\"https:\/\/cypressvalleyclinic.com\/es\/servicios\/pruebas-tratamiento-de-its\/\" \/>\n<meta property=\"og:locale\" content=\"es_ES\" \/>\n<meta property=\"og:type\" content=\"article\" \/>\n<meta property=\"og:title\" content=\"Pruebas\/tratamiento de ITS | Cypress Valley Clinic | Kerrville, TX\" \/>\n<meta property=\"og:description\" content=\"Read more about Pruebas\/tratamiento de ITS on this page. Cypress Valley Clinic offers free pregnancy services. Contact us to learn more.\" \/>\n<meta property=\"og:url\" content=\"https:\/\/cypressvalleyclinic.com\/es\/servicios\/pruebas-tratamiento-de-its\/\" \/>\n<meta property=\"og:site_name\" content=\"Cypress Valley Clinic\" \/>\n<meta property=\"article:publisher\" content=\"https:\/\/www.facebook.com\/thepregnancyresourcecenter.org\" \/>\n<meta name=\"twitter:card\" content=\"summary_large_image\" \/>\n<meta name=\"twitter:label1\" content=\"Tiempo de lectura\" \/>\n\t<meta name=\"twitter:data1\" content=\"3 minutos\" \/>\n<!-- \/ Yoast SEO plugin. -->","yoast_head_json":{"title":"Pruebas\/tratamiento de ITS | Cypress Valley Clinic | Kerrville, TX","description":"Read more about Pruebas\/tratamiento de ITS on this page. Cypress Valley Clinic offers free pregnancy services. Contact us to learn more.","robots":{"index":"index","follow":"follow","max-snippet":"max-snippet:-1","max-image-preview":"max-image-preview:large","max-video-preview":"max-video-preview:-1"},"canonical":"https:\/\/cypressvalleyclinic.com\/es\/servicios\/pruebas-tratamiento-de-its\/","og_locale":"es_ES","og_type":"article","og_title":"Pruebas\/tratamiento de ITS | Cypress Valley Clinic | Kerrville, TX","og_description":"Read more about Pruebas\/tratamiento de ITS on this page. Cypress Valley Clinic offers free pregnancy services. Contact us to learn more.","og_url":"https:\/\/cypressvalleyclinic.com\/es\/servicios\/pruebas-tratamiento-de-its\/","og_site_name":"Cypress Valley Clinic","article_publisher":"https:\/\/www.facebook.com\/thepregnancyresourcecenter.org","twitter_card":"summary_large_image","twitter_misc":{"Tiempo de lectura":"3 minutos"},"schema":{"@context":"https:\/\/schema.org","@graph":[{"@type":"WebPage","@id":"https:\/\/cypressvalleyclinic.com\/es\/servicios\/pruebas-tratamiento-de-its\/","url":"https:\/\/cypressvalleyclinic.com\/es\/servicios\/pruebas-tratamiento-de-its\/","name":"Pruebas\/tratamiento de ITS | Cypress Valley Clinic | Kerrville, TX","isPartOf":{"@id":"https:\/\/cypressvalleyclinic.com\/es\/#website"},"datePublished":"2025-06-12T06:55:17+00:00","description":"Read more about Pruebas\/tratamiento de ITS on this page. Cypress Valley Clinic offers free pregnancy services. Contact us to learn more.","breadcrumb":{"@id":"https:\/\/cypressvalleyclinic.com\/es\/servicios\/pruebas-tratamiento-de-its\/#breadcrumb"},"inLanguage":"es","potentialAction":[{"@type":"ReadAction","target":["https:\/\/cypressvalleyclinic.com\/es\/servicios\/pruebas-tratamiento-de-its\/"]}]},{"@type":"BreadcrumbList","@id":"https:\/\/cypressvalleyclinic.com\/es\/servicios\/pruebas-tratamiento-de-its\/#breadcrumb","itemListElement":[{"@type":"ListItem","position":1,"name":"Home","item":"https:\/\/cypressvalleyclinic.com\/es\/"},{"@type":"ListItem","position":2,"name":"Servicios","item":"https:\/\/cypressvalleyclinic.com\/es\/servicios\/"},{"@type":"ListItem","position":3,"name":"Pruebas\/tratamiento de ITS"}]},{"@type":"WebSite","@id":"https:\/\/cypressvalleyclinic.com\/es\/#website","url":"https:\/\/cypressvalleyclinic.com\/es\/","name":"Cypress Valley Clinic","description":"","publisher":{"@id":"https:\/\/cypressvalleyclinic.com\/es\/#organization"},"potentialAction":[{"@type":"SearchAction","target":{"@type":"EntryPoint","urlTemplate":"https:\/\/cypressvalleyclinic.com\/es\/?s={search_term_string}"},"query-input":{"@type":"PropertyValueSpecification","valueRequired":true,"valueName":"search_term_string"}}],"inLanguage":"es"},{"@type":"Organization","@id":"https:\/\/cypressvalleyclinic.com\/es\/#organization","name":"Cl\u00ednica Cypress Valley","url":"https:\/\/cypressvalleyclinic.com\/es\/","logo":{"@type":"ImageObject","inLanguage":"es","@id":"https:\/\/cypressvalleyclinic.com\/es\/#\/schema\/logo\/image\/","url":"https:\/\/cypressvalleyclinic.com\/wp-content\/uploads\/2025\/07\/Cypress-Valley-Clinic-Logo-Full-Color-WEB.png","contentUrl":"https:\/\/cypressvalleyclinic.com\/wp-content\/uploads\/2025\/07\/Cypress-Valley-Clinic-Logo-Full-Color-WEB.png","width":1490,"height":1107,"caption":"Cl\u00ednica Cypress Valley"},"image":{"@id":"https:\/\/cypressvalleyclinic.com\/es\/#\/schema\/logo\/image\/"},"sameAs":["https:\/\/www.facebook.com\/thepregnancyresourcecenter.org","https:\/\/www.instagram.com\/theprckerrville\/"]}]}},"_links":{"self":[{"href":"https:\/\/cypressvalleyclinic.com\/es\/wp-json\/wp\/v2\/pages\/1595","targetHints":{"allow":["GET"]}}],"collection":[{"href":"https:\/\/cypressvalleyclinic.com\/es\/wp-json\/wp\/v2\/pages"}],"about":[{"href":"https:\/\/cypressvalleyclinic.com\/es\/wp-json\/wp\/v2\/types\/page"}],"author":[{"embeddable":true,"href":"https:\/\/cypressvalleyclinic.com\/es\/wp-json\/wp\/v2\/users\/1"}],"replies":[{"embeddable":true,"href":"https:\/\/cypressvalleyclinic.com\/es\/wp-json\/wp\/v2\/comments?post=1595"}],"version-history":[{"count":0,"href":"https:\/\/cypressvalleyclinic.com\/es\/wp-json\/wp\/v2\/pages\/1595\/revisions"}],"up":[{"embeddable":true,"href":"https:\/\/cypressvalleyclinic.com\/es\/wp-json\/wp\/v2\/pages\/1567"}],"wp:attachment":[{"href":"https:\/\/cypressvalleyclinic.com\/es\/wp-json\/wp\/v2\/media?parent=1595"}],"curies":[{"name":"wp","href":"https:\/\/api.w.org\/{rel}","templated":true}]}}